{"id":39742,"date":"2023-12-06T00:24:05","date_gmt":"2023-12-05T22:24:05","guid":{"rendered":"https:\/\/youstis.com\/?page_id=39742"},"modified":"2023-12-06T17:35:16","modified_gmt":"2023-12-06T15:35:16","slug":"terms-and-conditions","status":"publish","type":"page","link":"https:\/\/youstis.com\/lt\/terminai-ir-salygos\/","title":{"rendered":"Taisykl\u0117s ir s\u0105lygos"},"content":{"rendered":"<p>PRA\u0160OME ATID\u017dIAI PERSKAITYTI \u0160IAS S\u0104LYGAS IR S\u0104LYGAS PRIE\u0160 NAUDOJANT \u0160IA SVETAINE. J\u016aS\u0172 NAUDOJIMAS \u0160IA SVETAINE PATVIRTINA, KAD BE S\u0104LYG\u0172 SUTINKATE SU \u0160IOMIS S\u0104LYGOMIS IR S\u0104LYGOMIS. JEI NESUTINKATE SU \u0160IOMIS S\u0104LYGOMIS IR S\u0104LYGOMIS, NENAUDOKITE \u0160IOS SVETAIN\u0116S.<\/p><h3 class=\"wp-block-heading\">1. BENDROJI<\/h3><p>1.1. \u0160ios s\u0105lygos taikomos visiems kliento (toliau \u2013 \u201ej\u016bs\u201c) pateiktiems u\u017esakymams&nbsp;<a href=\"https:\/\/youstis.com\/\">Youstis.com<\/a>.<\/p><p>1.2. Mes pasiliekame teis\u0119 retkar\u010diais keisti \u0161ias s\u0105lygas be i\u0161ankstinio \u012fsp\u0117jimo. S\u0105lyg\u0173 versija, kuri bus taikoma j\u016bs\u0173 u\u017esakymui, bus tos, kurios buvo pateiktos svetain\u0117je tuo metu, kai pateikiate u\u017esakym\u0105.<\/p><p>1.3. Sutarties kalba \u2013 angl\u0173.<\/p><h3 class=\"wp-block-heading\">2. KAINOS<\/h3><p>2.1. Svetain\u0117je pateikiamos kainos ir pasi\u016blymai galioja j\u0173 atsiradimo metu, nebent Svetain\u0117je b\u016bt\u0173 nurodytos kitos konkre\u010dios s\u0105lygos. Kainos parduotuv\u0117se, kataloguose ir internete gali skirtis viena nuo kitos.<\/p><p>2.2. Nors dedame visas pastangas siekdami u\u017etikrinti, kad informacija b\u016bt\u0173 teisinga, nesame atsakingi u\u017e jokias kainodaros, spausdinimo ar ra\u0161ybos klaidas.<\/p><p>2.3. Internete pateikiamos kainos nurodytos su PVM u\u017e siuntas Lietuvos teritorijoje. Siuntant \u012f visas kitas \u0161alis i\u0161ra\u0161oma s\u0105skaita be PVM, importo muitus ir mokes\u010dius apmoka pirk\u0117jas.<\/p><h3 class=\"wp-block-heading\">3. U\u017dSAKYMAS<\/h3><p>3.1. U\u017esakym\u0105 gali pateikti tik vyresni nei a\u0161tuoniolikos met\u0173 asmenys. Be to, u\u017esakymas negali b\u016bti pateiktas j\u016bs\u0173 ar tre\u010diosios \u0161alies komercinei ar savaranki\u0161kai veiklai. Preki\u0173 pristatymas vyksta tik nedideliais kiekiais.<\/p><p>3.2. Kiekvienas pateiktas u\u017esakymas yra pasi\u016blymas pirkti prekes i\u0161 m\u016bs\u0173. U\u017esakymai priklauso nuo m\u016bs\u0173 pri\u0117mimo.<\/p><p>3.3. Pateik\u0119 u\u017esakym\u0105 ir pateik\u0119 mums savo el. pa\u0161to adres\u0105, gausite u\u017esakymo patvirtinimo el. lai\u0161k\u0105. \u0160is gavimo patvirtinimas nerei\u0161kia j\u016bs\u0173 u\u017esakymo pri\u0117mimo, o tik informuoja, kad u\u017esakymas buvo gautas. Jokia pirkimo sutartis nesudaroma tol, kol nei\u0161siun\u010diame jums u\u017esakytos prek\u0117s.<\/p><p>3.4. Jei d\u0117l koki\u0173 nors prie\u017eas\u010di\u0173 negal\u0117sime \u012fvykdyti j\u016bs\u0173 u\u017esakymo, apie tai kuo grei\u010diau informuosime. Jei apmok\u0117jimas u\u017e u\u017esakym\u0105 yra atliktas ir mes jau pri\u0117m\u0117me mok\u0117jim\u0105 u\u017e u\u017esakym\u0105, pinigai bus gr\u0105\u017einti naudojant j\u016bs\u0173 pasirinkt\u0105 mok\u0117jimo b\u016bd\u0105.<\/p><h3 class=\"wp-block-heading\">4. PRISTATYMAS<\/h3><p>4.1. Stengiam\u0117s, kad pristatymo laikas b\u016bt\u0173 kuo trumpesnis.<\/p><p>4.2. Savaitgaliais ir \u0161ven\u010di\u0173 dienomis pateikti u\u017esakymai bus apdorojami kit\u0105 darbo dien\u0105. Mes siekiame pristatyti j\u016bs\u0173 u\u017esakym\u0105 per numatyt\u0105 laikotarp\u012f, ta\u010diau gali atsirasti v\u0117lavim\u0173. \u017dinoma, j\u016bs turite teis\u0119 at\u0161aukti u\u017esakym\u0105, jei pristatymas v\u0117luoja.<\/p><p>4.3. Netrukus po to, kai j\u016bs\u0173 u\u017esakymas bus patvirtintas, gausite u\u017esakymo patvirtinimo el. lai\u0161k\u0105 su i\u0161samia u\u017esakymo informacija.<\/p><h3 class=\"wp-block-heading\">5. AT\u0160AUKIMO TEIS\u0116S<\/h3><p>Jei persigalvosite arba nesate visi\u0161kai patenkinti kuria nors preke (-\u0117mis), galite be jokios prie\u017easties at\u0161aukti arba gr\u0105\u017einti u\u017esakym\u0105 nuo u\u017esakymo pateikimo datos iki 14 dien\u0173 nuo u\u017esakytos (-i\u0173) prek\u0117s (-i\u0173) gavimo be jokios prie\u017easties, prane\u0161dami ra\u0161tu. ir gr\u0105\u017einant prekes arba tiesiog gr\u0105\u017einant prekes. Gr\u0105\u017einsime pinigus u\u017e bet kuri\u0105 (-as) prek\u0119 (-es) per maks. 14 dien\u0173 nuo gr\u0105\u017einam\u0173 preki\u0173 gavimo, jei visos prek\u0117s buvo tinkamos b\u016bkl\u0117s. Pra\u0161ome perskaityti m\u016bs\u0173\u00a0<a href=\"https:\/\/youstis.com\/return-and-refund\" target=\"_blank\" rel=\"noreferrer noopener\">Gr\u0105\u017einimo s\u0105lygos<\/a>.<\/p><h3 class=\"wp-block-heading\">6. MOK\u0116JIMO B\u016aDAI<\/h3><p>Su Stripe galite atsiskaityti kredito kortele.<\/p><h3 class=\"wp-block-heading\">7. NUOSAVYB\u0116S I\u0160SAUGOJIMAS<\/h3><p>Jums pristatytos prek\u0117s liks Youstis.com nuosavybe, kol bus atliktas apmok\u0117jimas. Kol turtas dar n\u0117ra oficialiai perduotas jums, j\u016bs privalote su prek\u0117mis elgtis itin atsargiai. Jei pristatytos prek\u0117s yra konfiskuojamos arba jas trikdo tre\u010dioji \u0161alis, privalote apie tai mus nedelsiant ir ra\u0161tu informuoti.<\/p><h3 class=\"wp-block-heading\">8. SPALVOS<\/h3><p>Negalime garantuoti, kad drabu\u017ei\u0173 spalvos atkurtos visi\u0161kai tiksliai. Taip yra tod\u0117l, kad matomos spalvos priklauso nuo turimo kompiuterio tipo ir nustatym\u0173 jame bei nuo naudojamos interneto nar\u0161ykl\u0117s.<\/p><h3 class=\"wp-block-heading\">9. GARANTIJA<\/h3><p>9.1 Mes si\u016blome 1 met\u0173 garantijos laikotarp\u012f, kuris prasideda nuo pirkimo datos, nurodytos j\u016bs\u0173 kvite. Kad b\u016bt\u0173 i\u0161nagrin\u0117tos garantijos pretenzijos, turite tur\u0117ti galimyb\u0119 pateikti kvit\u0105. Per \u0161\u012f laikotarp\u012f \u0161aliname visus gedimus, kuriems taikoma \u012fstatymin\u0117 garantin\u0117 prievol\u0117. Garantija netaikoma \u017ealai, atsiradusioms d\u0117l netinkamo naudojimo, \u012fprasto nusid\u0117v\u0117jimo ar \u017ealos, atsiradusios d\u0117l i\u0161orini\u0173 poveiki\u0173. Veiksmas garantinio laikotarpio metu rei\u0161kia, kad prek\u0117 yra suremontuota arba pakei\u010diama, teis\u0117 pasirinkti alternatyv\u0105 gali b\u016bti apribota teisiniais apribojimais.<\/p><p>Jei ne\u012fmanoma pristatyti pakaitinio produkto, galite nuspr\u0119sti nutraukti pirkimo sutart\u012f arba sutikti su nuolaida.<\/p><p>9.2 Atminkite, kad mes priimame tik per m\u016bs\u0173 svetain\u0119 \u012fsigytas prekes. Parduotuv\u0117je\/per perpardav\u0117jus \u012fsigytoms prek\u0117ms garantinius klausimus turi tvarkyti atitinkama pirkimo vieta, nurodyta j\u016bs\u0173 kvite.<\/p><p>9.3 Jei norite pateikti garantijos pretenzij\u0105 gaminiui, \u012fsigytam per m\u016bs\u0173 svetain\u0119, susisiekite su m\u016bs\u0173 klient\u0173 aptarnavimo tarnyba el.<a href=\"mailto:info@youstis.com\">info@youstis.com<\/a>).<\/p><h3 class=\"wp-block-heading\">10. \u017dALAI TRANSITE<\/h3><p>Jei gabenant buvo padaryta \u017eala, prane\u0161kite apie bet kokius matomus pa\u017eeidimus tiesiai siunt\u0105 jums prista\u010diusiam ve\u017e\u0117jui.<\/p><h3 class=\"wp-block-heading\">11. ATSAKOMYB\u0116<\/h3><p>11.1. N\u0117 viena \u0161i\u0173 S\u0105lyg\u0173 nuostata neatmeta ir neapriboja m\u016bs\u0173 atsakomyb\u0117s u\u017e apgauling\u0105 klaiding\u0105 informacij\u0105 arba mirt\u012f ar asmens su\u017ealojim\u0105 d\u0117l m\u016bs\u0173 aplaidumo.<\/p><p>11.2. Mes neprisiimame jokios atsakomyb\u0117s u\u017e \u017eal\u0105 J\u016bs\u0173 kompiuterinei sistemai ar duomen\u0173 praradim\u0105, atsiradusi\u0105 d\u0117l J\u016bs\u0173 naudojimosi Svetaine, garantuojame, koks turinys ir paslaugos bus pasiekiami Svetain\u0117je. Visas Svetain\u0117s turinys ir paslaugos teikiami \u201etoks, koks yra\u201c ir \u201ekaip prieinamas\u201c, arba garantuoja, kad svetain\u0117 bus prieinama nepertraukiamai ir pilnai veiks, o pa\u010dioje svetain\u0117je esan\u010dioje informacijoje nebus klaid\u0173. arba praleidimai (ta\u010diau mes d\u0117sime visas pagr\u012fstas pastangas, kad i\u0161taisytume visas klaidas ar praleidimus, kai tik bus galima \u012f juos atkreipti m\u016bs\u0173 d\u0117mes\u012f).<\/p><p>11.3. Visa m\u016bs\u0173 atsakomyb\u0117 jums u\u017e bet kokius nuostolius ar \u017eal\u0105, atsiradusi\u0105 d\u0117l \u0161ios sutarties, yra apribota visa j\u016bs\u0173 u\u017esakymo kaina.<\/p><p>11.4. N\u0117 viena \u0161i\u0173 S\u0105lyg\u0173 nuostata neturi \u012ftakos j\u016bs\u0173 \u012fstatym\u0173 nustatytoms teis\u0117ms.<\/p><h3 class=\"wp-block-heading\">12. FORCE MAJEURE<\/h3><p>Mes nesame atsakingi u\u017e v\u0117lavim\u0105 ar \u012fsipareigojim\u0173 pagal \u0161ias S\u0105lygas nevykdym\u0105, jei v\u0117lavimas ar nes\u0117km\u0117 atsirado d\u0117l bet kokio \u012fvykio, kurio mes pagr\u012fstai nekontroliuojame. Tokie \u012fvykiai apima, bet neapsiribojant, infrastrukt\u016bros gedimus, vyriausyb\u0117s \u012fsiki\u0161im\u0105, karus, pilietinius neramumus, u\u017egrobimus, gaisrus, potvynius, avarijas, audras, streikus, lokautus, teroristinius i\u0161puolius ar kolektyvinius veiksmus, turin\u010dius \u012ftakos mums arba m\u016bs\u0173 tiek\u0117jams.<\/p><h3 class=\"wp-block-heading\">13. PRIVATUMO POLITIKA<\/h3><p>Mes turime privatumo politik\u0105, kurioje nurodoma, kaip MDC tvarkys ir saugos j\u016bs\u0173 asmens duomenis. Pra\u0161ome perskaityti m\u016bs\u0173&nbsp;<a href=\"https:\/\/youstis.com\/privacy-policy\">Privatumo politika<\/a>.<\/p><h3 class=\"wp-block-heading\">14. U\u017dDUOTIS<\/h3><p>Youstis.com pasilieka teis\u0119 perleisti ir \u012fkeisti bet kokius mok\u0117jimo reikalavimus, atsiradusius d\u0117l tre\u010diosioms \u0161alims pristatyt\u0173 preki\u0173.<\/p><h3 class=\"wp-block-heading\">15. AUTORI\u0172 TEIS\u0116S IR KITOS INTELEKTIN\u0116S NUOSAVYB\u0116S TEIS\u0116S<\/h3><p>\u0160ios svetain\u0117s dizainas ir visas tekstas, grafika, informacija, turinys ir kita med\u017eiaga, rodoma \u0161ioje svetain\u0117je arba kuri\u0105 galima atsisi\u0173sti i\u0161 \u0161ios svetain\u0117s, yra saugoma autori\u0173 teisi\u0173, preki\u0173 \u017eenkl\u0173 ir kit\u0173 \u012fstatym\u0173 ir negali b\u016bti naudojami, i\u0161skyrus atvejus, kai leid\u017eiama \u0161iose s\u0105lygose. ir S\u0105lygomis arba su m\u016bs\u0173 i\u0161ankstiniu ra\u0161ti\u0161ku leidimu.<\/p><h3 class=\"wp-block-heading\">16. BAIGIAMOSIOS NUOSTATOS<\/h3><p>16.1. \u0160ios S\u0105lygos bus reglamentuojamos ir ai\u0161kinamos pagal Lietuvos \u012fstatymus, o bet kokiems gin\u010dams, kurie gali kilti, yra nei\u0161skirtin\u0117 Lietuvos teism\u0173 jurisdikcija.<\/p><p>16.2. Jei kuris nors teismas ar reguliavimo institucija nustato, kad kuri nors i\u0161 \u0161i\u0173 S\u0105lyg\u0173 negalioja, toliau taikomos kitos s\u0105lygos.<\/p>","protected":false},"excerpt":{"rendered":"<p>PLEASE READ THESE TERMS AND CONDITIONS CAREFULLY BEFORE USING THIS WEB SITE. YOUR USE OF THIS WEB SITE CONFIRMS YOUR&#8230;<\/p>","protected":false},"author":3,"featured_media":0,"parent":0,"menu_order":0,"comment_status":"closed","ping_status":"closed","template":"","meta":{"footnotes":""},"class_list":["post-39742","page","type-page","status-publish"],"_links":{"self":[{"href":"https:\/\/youstis.com\/lt\/wp-json\/wp\/v2\/pages\/39742"}],"collection":[{"href":"https:\/\/youstis.com\/lt\/wp-json\/wp\/v2\/pages"}],"about":[{"href":"https:\/\/youstis.com\/lt\/wp-json\/wp\/v2\/types\/page"}],"author":[{"embeddable":true,"href":"https:\/\/youstis.com\/lt\/wp-json\/wp\/v2\/users\/3"}],"replies":[{"embeddable":true,"href":"https:\/\/youstis.com\/lt\/wp-json\/wp\/v2\/comments?post=39742"}],"version-history":[{"count":2,"href":"https:\/\/youstis.com\/lt\/wp-json\/wp\/v2\/pages\/39742\/revisions"}],"predecessor-version":[{"id":39744,"href":"https:\/\/youstis.com\/lt\/wp-json\/wp\/v2\/pages\/39742\/revisions\/39744"}],"wp:attachment":[{"href":"https:\/\/youstis.com\/lt\/wp-json\/wp\/v2\/media?parent=39742"}],"curies":[{"name":"wp","href":"https:\/\/api.w.org\/{rel}","templated":true}]}}