{"id":39771,"date":"2023-12-06T14:48:26","date_gmt":"2023-12-06T12:48:26","guid":{"rendered":"https:\/\/youstis.com\/?page_id=39771"},"modified":"2024-02-01T15:13:43","modified_gmt":"2024-02-01T13:13:43","slug":"size-guide","status":"publish","type":"page","link":"https:\/\/youstis.com\/lt\/size-guide\/","title":{"rendered":"Dyd\u017ei\u0173 lentel\u0117s"},"content":{"rendered":"<p>Ar jums sunku pasirinkti tinkamus dyd\u017eius, kai perkate drabu\u017eius internetu? \u0160iame puslapyje naudokite m\u016bs\u0173 dyd\u017ei\u0173 vadov\u0105 \u2013 nebesijaudinkite d\u0117l dyd\u017ei\u0173.<\/p><h2 class=\"wp-block-heading\" id=\"tshirts\">mar\u0161kin\u0117liai | Polo mar\u0161kin\u0117liai | Megztiniai | Liemen\u0117s<\/h2><figure class=\"wp-block-table\"><table><tbody><tr><td>Dydis<\/td><td><strong>B<\/strong>&nbsp;- Kr\u016btin\u0117<\/td><td>ES dyd\u017eio<\/td><\/tr><tr><td>XS<\/td><td>86-91 cm<\/td><td>46<\/td><\/tr><tr><td>S<\/td><td>91-96 cm<\/td><td>48<\/td><\/tr><tr><td>M<\/td><td>96 \u2013 101 cm<\/td><td>50<\/td><\/tr><tr><td>L<\/td><td>101-107 cm<\/td><td>52<\/td><\/tr><tr><td>XL<\/td><td>107 \u2013 113 cm<\/td><td>54<\/td><\/tr><tr><td>XXL<\/td><td>113 \u2013 119 cm<\/td><td>56<\/td><\/tr><tr><td>XXXL<\/td><td>119 \u2013 124 cm<\/td><td>58<\/td><\/tr><\/tbody><\/table><\/figure><h2 class=\"wp-block-heading\" id=\"skjorter\">Mar\u0161kiniai<\/h2><figure class=\"wp-block-table\"><table><tbody><tr><td><strong>A<\/strong>&nbsp;\u2013 Kaklas<\/td><td>Dydis<\/td><td><strong>B<\/strong>&nbsp;- Kr\u016btin\u0117<\/td><\/tr><tr><td>37<\/td><td>S<\/td><td>91-96 cm<\/td><\/tr><tr><td>38<\/td><td>S<\/td><td>91-96 cm<\/td><\/tr><tr><td>39<\/td><td>M<\/td><td>96 \u2013 101 cm<\/td><\/tr><tr><td>40<\/td><td>M<\/td><td>96 \u2013 101 cm<\/td><\/tr><tr><td>41<\/td><td>L<\/td><td>101-107 cm<\/td><\/tr><tr><td>42<\/td><td>L<\/td><td>101-107 cm<\/td><\/tr><tr><td>43<\/td><td>XL<\/td><td>107 \u2013 113 cm<\/td><\/tr><tr><td>44<\/td><td>XL<\/td><td>107 \u2013 113 cm<\/td><\/tr><tr><td>45<\/td><td>XXL<\/td><td>113 \u2013 119 cm<\/td><\/tr><tr><td>46<\/td><td>XXL<\/td><td>113 \u2013 119 cm<\/td><\/tr><tr><td>48<\/td><td>XXXL<\/td><td>119 \u2013 124 cm<\/td><\/tr><\/tbody><\/table><\/figure><h2 class=\"wp-block-heading\" id=\"bukser\">Keln\u0117s | D\u017einsai | Chinos | \u0160ortai | Apatiniai<\/h2><p>D\u017einsai da\u017enai pateikiami dyd\u017eiais, kurie matuojami coliais, pvz., W32\/32\u2033.<br>Pirmasis skai\u010dius yra juosmens apimtis (C), o antrasis skai\u010dius yra si\u016bl\u0117s ilgis (D).<\/p><figure class=\"wp-block-table\"><table><tbody><tr><td><strong>C<\/strong>&nbsp;\u2013 Juosmuo coliais<\/td><td><strong>C<\/strong>&nbsp;\u2013 Juosmuo<\/td><td>Dydis<\/td><\/tr><tr><td>W29<\/td><td>75 cm<\/td><td>S<\/td><\/tr><tr><td>W30<\/td><td>77,5 cm<\/td><td>M<\/td><\/tr><tr><td>W31<\/td><td>80 cm<\/td><td>M<\/td><\/tr><tr><td>W32<\/td><td>82,5 cm<\/td><td>L<\/td><\/tr><tr><td>W33<\/td><td>85 cm<\/td><td>L<\/td><\/tr><tr><td>W34<\/td><td>87,5 cm<\/td><td>XL<\/td><\/tr><tr><td>W36<\/td><td>92,5 cm<\/td><td>XL<\/td><\/tr><tr><td>W38<\/td><td>97,5 cm<\/td><td>XXL<\/td><\/tr><tr><td>W40<\/td><td>102,5 cm<\/td><td>XXL-XXXL<\/td><\/tr><\/tbody><\/table><\/figure><h2 class=\"wp-block-heading\" id=\"baelter\">Dir\u017eai<\/h2><figure class=\"wp-block-table\"><table><tbody><tr><td><strong>C<\/strong>&nbsp;\u2013 Juosmuo<\/td><td><strong>C<\/strong>&nbsp;\u2013 Juosmuo coliais<\/td><td>Dydis<\/td><\/tr><tr><td>80 cm<\/td><td>iki W30<\/td><td>S<\/td><\/tr><tr><td>85 cm<\/td><td>iki W32<\/td><td>M<\/td><\/tr><tr><td>90 cm<\/td><td>iki W34<\/td><td>L<\/td><\/tr><tr><td>95 cm<\/td><td>iki W36<\/td><td>L<\/td><\/tr><tr><td>100 cm<\/td><td>iki W38<\/td><td>XL<\/td><\/tr><tr><td>105 cm<\/td><td>iki W40<\/td><td>XL<\/td><\/tr><tr><td>110 cm<\/td><td>iki W42<\/td><td>XXL<\/td><\/tr><tr><td>Vienas dydis<\/td><td>Suver\u017etas be skyli\u0173<\/td><td>S-XXL<\/td><\/tr><\/tbody><\/table><\/figure><h2 class=\"wp-block-heading\" id=\"sko\">Avalyn\u0117<\/h2><figure class=\"wp-block-table\"><table><tbody><tr><td colspan=\"3\">Dydis<\/td><td><strong>E<\/strong>&nbsp;- P\u0117dos ilgis<\/td><\/tr><tr><td>JK 6,5<\/td><td>ES 39<\/td><td>JAV 7<\/td><td>25 cm<\/td><\/tr><tr><td>JK 7<\/td><td>ES 40<\/td><td>JAV 7,5<\/td><td>25,5 cm<\/td><\/tr><tr><td>JK 7,5<\/td><td>ES 41<\/td><td>JAV 8<\/td><td>26 cm<\/td><\/tr><tr><td>JK 8<\/td><td>ES 42<\/td><td>JAV 8,5<\/td><td>26,5 cm<\/td><\/tr><tr><td>JK 9<\/td><td>ES 43<\/td><td>JAV 9,5<\/td><td>27 cm<\/td><\/tr><tr><td>JK 10<\/td><td>ES 44<\/td><td>JAV 10,5<\/td><td>27,5 cm<\/td><\/tr><tr><td>JK 11<\/td><td>ES 45<\/td><td>JAV 11,5<\/td><td>28 cm<\/td><\/tr><tr><td>JK 11,5<\/td><td>ES 46<\/td><td>JAV 12<\/td><td>28,5 cm<\/td><\/tr><tr><td>JK 12,5<\/td><td>ES 47<\/td><td>JAV 13<\/td><td>29 cm<\/td><\/tr><\/tbody><\/table><\/figure><h2 class=\"wp-block-heading\" id=\"handsker\">Pir\u0161tin\u0117s<\/h2><figure class=\"wp-block-table\"><table><tbody><tr><td>Dydis<\/td><td><strong>G<\/strong>&nbsp;\u2013 Apimtis cm<\/td><td><strong>G<\/strong>&nbsp;\u2013 Apimtis coliais<\/td><\/tr><tr><td>XS<\/td><td>18,6 cm<\/td><td>7,5 colio<\/td><\/tr><tr><td>S<\/td><td>19,8 cm<\/td><td>8 coli\u0173<\/td><\/tr><tr><td>M<\/td><td>21,1 cm<\/td><td>8,5 colio<\/td><\/tr><tr><td>L<\/td><td>22,4 cm<\/td><td>9 coli\u0173<\/td><\/tr><tr><td>XL<\/td><td>23,6 cm<\/td><td>9,5 colio<\/td><\/tr><tr><td>XXL<\/td><td>26,2 cm<\/td><td>10,5 colio<\/td><\/tr><tr><td>&nbsp;XXXL<\/td><td>27,4 cm<\/td><td>11 coli\u0173&nbsp;<\/td><\/tr><\/tbody><\/table><\/figure><h2 class=\"wp-block-heading\" id=\"jakker\">Striuk\u0117s | paltai | Blazeriai<\/h2><figure class=\"wp-block-table\"><table><tbody><tr><td>Dydis<\/td><td><strong>B<\/strong>&nbsp;- Kr\u016btin\u0117<\/td><td>ES dydis<\/td><\/tr><tr><td>S<\/td><td>97 cm<\/td><td>48<\/td><\/tr><tr><td>M<\/td><td>101 cm<\/td><td>50<\/td><\/tr><tr><td>L<\/td><td>105 cm<\/td><td>52<\/td><\/tr><tr><td>XL<\/td><td>109 cm<\/td><td>54<\/td><\/tr><tr><td>XXL<\/td><td>113 cm<\/td><td>56<\/td><\/tr><tr><td>XXXL<\/td><td>117 cm<\/td><td>58<\/td><\/tr><\/tbody><\/table><\/figure><hr class=\"wp-block-separator has-alpha-channel-opacity\"\/><h2 class=\"wp-block-heading\" id=\"habit\">Kostiumo vadovas<\/h2><p>Kai jums reikia rasti tinkamo dyd\u017eio striuk\u0119, j\u016bs\u0173 \u016bgis yra labai svarbus nustatant, ar tur\u0117tum\u0117te trump\u0105, normal\u0173 ar ilg\u0105 model\u012f.<\/p><h2 class=\"wp-block-heading\">Raskite savo \u016bg\u012f<\/h2><figure class=\"wp-block-table\"><table><tbody><tr><td>Tavo \u016bgis<\/td><td>Modelis<\/td><\/tr><tr><td>160-175 cm<\/td><td>Trumpas modelis<\/td><\/tr><tr><td>175-190 cm<\/td><td>Normalus modelis<\/td><\/tr><tr><td>190-205 cm<\/td><td>Ilgas modelis<\/td><\/tr><\/tbody><\/table><\/figure><h2 class=\"wp-block-heading\">Trumpas modelis<\/h2><p>Trumpas modelis turi platesn\u0119 perimetr\u0105, bet n\u0117ra toks auk\u0161tas.<\/p><h2 class=\"wp-block-heading\">Striuk\u0117<\/h2><figure class=\"wp-block-table\"><table><tbody><tr><td>Dydis<\/td><td><strong>B<\/strong>&nbsp;- Kr\u016btin\u0117<\/td><td>\u00c6rmel\u00e6ngde<\/td><td>Rygl\u00e6ngde<\/td><\/tr><tr><td>23<\/td><td>92 cm<\/td><td>58 cm<\/td><td>73 cm<\/td><\/tr><tr><td>24<\/td><td>96 cm<\/td><td>59 cm<\/td><td>74 cm<\/td><\/tr><tr><td>25<\/td><td>100 cm<\/td><td>60 cm<\/td><td>75 cm<\/td><\/tr><tr><td>26<\/td><td>104 cm<\/td><td>61 cm<\/td><td>76 cm<\/td><\/tr><tr><td>27<\/td><td>108 cm<\/td><td>62 cm<\/td><td>77 cm<\/td><\/tr><tr><td>28<\/td><td>112 cm<\/td><td>63 cm<\/td><td>78 cm<\/td><\/tr><tr><td>29<\/td><td>116 cm<\/td><td>64 cm<\/td><td>79 cm<\/td><\/tr><\/tbody><\/table><\/figure><h2 class=\"wp-block-heading\">Keln\u0117s<\/h2><figure class=\"wp-block-table\"><table><tbody><tr><td>Dydis<\/td><td><strong>C<\/strong>&nbsp;\u2013 Juosmuo<\/td><td><strong>D<\/strong>&nbsp;\u2013 Vidaus si\u016bl\u0117s ilgis<\/td><\/tr><tr><td>23<\/td><td>84 cm<\/td><td>73 cm<\/td><\/tr><tr><td>24<\/td><td>88 cm<\/td><td>75 cm<\/td><\/tr><tr><td>25<\/td><td>92 cm<\/td><td>77 cm<\/td><\/tr><tr><td>26<\/td><td>96 cm<\/td><td>79 cm<\/td><\/tr><tr><td>27<\/td><td>100 cm<\/td><td>80 cm<\/td><\/tr><tr><td>28<\/td><td>106 cm<\/td><td>81 cm<\/td><\/tr><tr><td>29<\/td><td>112 cm<\/td><td>81 cm<\/td><\/tr><\/tbody><\/table><\/figure><h2 class=\"wp-block-heading\">Normalus modelis<\/h2><p>\u012eprastas modelis turi proporcing\u0105 ry\u0161\u012f tarp plo\u010dio ir auk\u0161\u010dio.<\/p><h2 class=\"wp-block-heading\">Striuk\u0117<\/h2><figure class=\"wp-block-table\"><table><tbody><tr><td>Dydis<\/td><td><strong>B<\/strong>&nbsp;- Kr\u016btin\u0117<\/td><td>\u00c6rmel\u00e6ngde<\/td><td>Rygl\u00e6ngde<\/td><\/tr><tr><td>46<\/td><td>92 cm<\/td><td>61 cm<\/td><td>77 cm<\/td><\/tr><tr><td>48<\/td><td>96 cm<\/td><td>62 cm<\/td><td>78 cm<\/td><\/tr><tr><td>50<\/td><td>100 cm<\/td><td>63 cm<\/td><td>79 cm<\/td><\/tr><tr><td>52<\/td><td>104 cm<\/td><td>64 cm<\/td><td>80 cm<\/td><\/tr><tr><td>54<\/td><td>108 cm<\/td><td>65 cm<\/td><td>81 cm<\/td><\/tr><tr><td>56<\/td><td>112 cm<\/td><td>66 cm<\/td><td>82 cm<\/td><\/tr><tr><td>58<\/td><td>116 cm<\/td><td>67 cm<\/td><td>83 cm<\/td><\/tr><\/tbody><\/table><\/figure><h2 class=\"wp-block-heading\">Keln\u0117s<\/h2><figure class=\"wp-block-table\"><table><tbody><tr><td>Dydis<\/td><td><strong>C<\/strong>&nbsp;\u2013 Juosmuo<\/td><td><strong>D<\/strong>&nbsp;\u2013 Vidaus si\u016bl\u0117s ilgis<\/td><\/tr><tr><td>46<\/td><td>80 cm<\/td><td>78 cm<\/td><\/tr><tr><td>48<\/td><td>84 cm<\/td><td>80 cm<\/td><\/tr><tr><td>50<\/td><td>88 cm<\/td><td>82 cm<\/td><\/tr><tr><td>52<\/td><td>92 cm<\/td><td>84 cm<\/td><\/tr><tr><td>54<\/td><td>96 cm<\/td><td>85 cm<\/td><\/tr><tr><td>56<\/td><td>100 cm<\/td><td>86 cm<\/td><\/tr><tr><td>58<\/td><td>104 cm<\/td><td>86 cm<\/td><\/tr><\/tbody><\/table><\/figure><h2 class=\"wp-block-heading\">Ilgas modelis<\/h2><p>Ilgas modelis yra ma\u017eesnio apimties, bet ilgesnio auk\u0161\u010dio.<\/p><h2 class=\"wp-block-heading\">Striuk\u0117<\/h2><figure class=\"wp-block-table\"><table><tbody><tr><td>Dydis<\/td><td><strong>B<\/strong>&nbsp;- Kr\u016btin\u0117<\/td><td>\u00c6rmel\u00e6ngde<\/td><td>Rygl\u00e6ngde<\/td><\/tr><tr><td>94<\/td><td>98 cm<\/td><td>65 cm<\/td><td>81 cm<\/td><\/tr><tr><td>98<\/td><td>102 cm<\/td><td>67 cm<\/td><td>83 cm<\/td><\/tr><tr><td>102<\/td><td>106 cm<\/td><td>67 cm<\/td><td>84 cm<\/td><\/tr><tr><td>106<\/td><td>110 cm<\/td><td>68 cm<\/td><td>85 cm<\/td><\/tr><tr><td>110<\/td><td>114 cm<\/td><td>68 cm<\/td><td>86 cm<\/td><\/tr><tr><td>114<\/td><td>118 cm<\/td><td>70 cm<\/td><td>87 cm<\/td><\/tr><tr><td>116<\/td><td>122 cm<\/td><td>70 cm<\/td><td>88 cm<\/td><\/tr><\/tbody><\/table><\/figure><h2 class=\"wp-block-heading\">Keln\u0117s<\/h2><figure class=\"wp-block-table\"><table><tbody><tr><td>Dydis<\/td><td><strong>C<\/strong>&nbsp;\u2013 Juosmuo<\/td><td><strong>D<\/strong>&nbsp;\u2013 Vidaus si\u016bl\u0117s ilgis<\/td><\/tr><tr><td>94<\/td><td>80 cm<\/td><td>85 cm<\/td><\/tr><tr><td>98<\/td><td>84 cm<\/td><td>87 cm<\/td><\/tr><tr><td>102<\/td><td>88 cm<\/td><td>88 cm<\/td><\/tr><tr><td>106<\/td><td>94 cm<\/td><td>89 cm<\/td><\/tr><tr><td>110<\/td><td>98 cm<\/td><td>92 cm<\/td><\/tr><tr><td>114<\/td><td>104 cm<\/td><td>92 cm<\/td><\/tr><tr><td>118<\/td><td>108 cm<\/td><td>92 cm<\/td><\/tr><\/tbody><\/table><\/figure>","protected":false},"excerpt":{"rendered":"<p>Do you find it difficult to choose the correct sizes when you purchase clothing online? Use our size guide on&#8230;<\/p>","protected":false},"author":3,"featured_media":0,"parent":0,"menu_order":0,"comment_status":"closed","ping_status":"closed","template":"","meta":{"footnotes":""},"class_list":["post-39771","page","type-page","status-publish"],"_links":{"self":[{"href":"https:\/\/youstis.com\/lt\/wp-json\/wp\/v2\/pages\/39771"}],"collection":[{"href":"https:\/\/youstis.com\/lt\/wp-json\/wp\/v2\/pages"}],"about":[{"href":"https:\/\/youstis.com\/lt\/wp-json\/wp\/v2\/types\/page"}],"author":[{"embeddable":true,"href":"https:\/\/youstis.com\/lt\/wp-json\/wp\/v2\/users\/3"}],"replies":[{"embeddable":true,"href":"https:\/\/youstis.com\/lt\/wp-json\/wp\/v2\/comments?post=39771"}],"version-history":[{"count":2,"href":"https:\/\/youstis.com\/lt\/wp-json\/wp\/v2\/pages\/39771\/revisions"}],"predecessor-version":[{"id":39775,"href":"https:\/\/youstis.com\/lt\/wp-json\/wp\/v2\/pages\/39771\/revisions\/39775"}],"wp:attachment":[{"href":"https:\/\/youstis.com\/lt\/wp-json\/wp\/v2\/media?parent=39771"}],"curies":[{"name":"wp","href":"https:\/\/api.w.org\/{rel}","templated":true}]}}