{"id":39778,"date":"2023-12-06T17:25:27","date_gmt":"2023-12-06T15:25:27","guid":{"rendered":"https:\/\/youstis.com\/?page_id=39778"},"modified":"2024-02-01T14:43:11","modified_gmt":"2024-02-01T12:43:11","slug":"become-a-partner","status":"publish","type":"page","link":"https:\/\/youstis.com\/lt\/tapti-partneriu\/","title":{"rendered":"Partneriams"},"content":{"rendered":"<div class=\"wpb-content-wrapper\"><div id=\"vc_row-69eacc9f23878\" class=\"vc_row wpb_row vc_row-fluid thegem-custom-69eacc9f238416535\"><div class=\"wpb_column vc_column_container vc_col-sm-12 thegem-custom-69eacc9f23a906040\" ><div class=\"vc_column-inner thegem-custom-inner-69eacc9f23a92\"><div class=\"wpb_wrapper thegem-custom-69eacc9f23a906040\">\r\n\t\r\n\t\t<div class=\"wpb_text_column wpb_content_element  thegem-vc-text thegem-custom-69eacc9f23cc32971\"  >\r\n\t\t\t<div class=\"wpb_wrapper\">\r\n\t\t\t\t<p><strong>I\u0161skirtin\u0117s partneryst\u0117s su YOU&#039;stis privalumai<\/strong><\/p>\n<p><strong>Prisijunkite prie YOU&#039;stis partneri\u0173 klubo ir gaukite neprilygstam\u0173 prana\u0161um\u0173<\/strong><\/p>\n<p>Kaip vertinamas YOU&#039;stis partneris, j\u016bs ne tik prisijungiate prie prek\u0117s \u017eenklo; leid\u017eiat\u0117s \u012f bendradarbiavimo s\u0117km\u0117s ir naujovi\u0173 kelion\u0119. M\u016bs\u0173 partneryst\u0117s programa sukurta siekiant suteikti i\u0161skirtin\u0119 naud\u0105 ir galimybes, kurios patenkint\u0173 unikalius j\u016bs\u0173 klubo poreikius ir siekius.<\/p>\n<ol>\n<li><strong> Speciali kaina: sutaupykite, kai pavyks<\/strong><\/li>\n<\/ol>\n<ul>\n<li><strong>Produktai su nuolaida<\/strong>: pasiekite m\u016bs\u0173 plat\u0173 mados preki\u0173 asortiment\u0105 i\u0161skirtin\u0117mis partneri\u0173 kainomis. \u0160i speciali kainodaros strukt\u016bra yra pritaikyta j\u016bs\u0173 klubo augimui ir pelningumui palaikyti.<\/li>\n<li><strong>Apimties nuolaidos<\/strong>: Did\u0117jant u\u017esakym\u0173 kiekiui, m\u0117gaukit\u0117s papildomomis nuolaidomis, u\u017etikrindami, kad j\u016bs\u0173 klubas padidint\u0173 savo perkam\u0105j\u0105 gali\u0105.<\/li>\n<\/ul>\n<ol start=\"2\">\n<li><strong> Bendradarbiavimas individualiems produktams: kurkite su mumis<\/strong><\/li>\n<\/ol>\n<ul>\n<li><strong>Bendras produkt\u0173 k\u016brimas<\/strong>: Dirbkite kartu su m\u016bs\u0173 dizaino komanda kurdami \u012frang\u0105 ir drabu\u017eius, kurie puikiai atitinka j\u016bs\u0173 klubo nari\u0173 poreikius ir pageidavimus.<\/li>\n<li><strong>I\u0161skirtin\u0117s dizaino sesijos<\/strong>: Dalyvaukite i\u0161skirtin\u0117se sesijose, kuriose j\u016bs\u0173 atsiliepimai tiesiogiai \u012ftakoja b\u016bsimas produkt\u0173 linijas ir dizain\u0105.<\/li>\n<\/ul>\n<ol start=\"3\">\n<li><strong> Prek\u0117s \u017eenklo sinergija: susitaikykite su mados lyderiu<\/strong><\/li>\n<\/ol>\n<ul>\n<li><strong>Bendro prek\u0117s \u017eenklo k\u016brimo galimyb\u0117s<\/strong>: I\u0161naudokite YOU&#039;stis prek\u0117s \u017eenklo stipryb\u0119, susiedami savo klub\u0105 su visame pasaulyje pripa\u017eintu mados lyderiu, taip padidindami savo klubo matomum\u0105 ir presti\u017e\u0105.<\/li>\n<li><strong>Rinkodaros bendradarbiavimas<\/strong>: Bendradarbiaukite su mumis bendrose rinkodaros kampanijose, naudodamiesi m\u016bs\u0173 platformomis ir pasiekiamumu, kad sustiprintum\u0117te savo klubo buvim\u0105 mados pasaulyje.<\/li>\n<\/ul>\n<ol start=\"4\">\n<li><strong> Pritaikytas palaikymas: mes pasiruo\u0161\u0119 j\u016bs\u0173 augimui<\/strong><\/li>\n<\/ol>\n<ul>\n<li><strong>Specialus paskyros valdymas<\/strong>: gaukite asmenin\u012f palaikym\u0105 i\u0161 paskyr\u0173 valdytojo, kuris supranta j\u016bs\u0173 klubo poreikius ir tikslus.<\/li>\n<li><strong>Rinkodaros ir pardavimo i\u0161tekliai<\/strong>: pasiekite daugyb\u0119 rinkodaros med\u017eiagos, pardavimo strategij\u0173 ir reklamini\u0173 \u012franki\u0173, skirt\u0173 j\u016bs\u0173 klubo pozicijai rinkoje pakelti.<\/li>\n<\/ul>\n<ol start=\"5\">\n<li><strong> Bendruomen\u0117s ir tinklo k\u016brimas: prisijunkite ir pl\u0117skit\u0117s<\/strong><\/li>\n<\/ol>\n<ul>\n<li><strong>I\u0161skirtiniai tinklo renginiai<\/strong>: Dalyvaukite specialiuose renginiuose ir susitikimuose su kitais partneri\u0173 klubais, pramon\u0117s lyderiais ir mados influenceriais.<\/li>\n<li><strong>Dalijimasis \u012f\u017evalgomis ir mokymasis<\/strong>: Gaukite verting\u0173 \u012f\u017evalg\u0173 per seminarus, internetinius seminarus ir dalindamiesi mokymosi patirtimi, sutelkdami d\u0117mes\u012f \u012f naujausias mados ir ma\u017emenin\u0117s prekybos tendencijas.<\/li>\n<\/ul>\n<ol start=\"6\">\n<li><strong> Nuolatinis inovacij\u0173 ir gr\u012f\u017etamojo ry\u0161io ciklas<\/strong><\/li>\n<\/ol>\n<ul>\n<li><strong>Atsiliepim\u0173 apie gaminius platforma<\/strong>: pateikite tiesiogin\u012f atsiliepim\u0105 apie gaminius, darydami \u012ftak\u0105 b\u016bsimam dizainui ir patobulinimams.<\/li>\n<li><strong>Ankstyva prieiga prie nauj\u0173 leidim\u0173<\/strong>: B\u016bkite pirmas, patyr\u0119s m\u016bs\u0173 naujausias kolekcijas ir naujoves, i\u0161laikydamas savo klub\u0105 mados tendencij\u0173 prie\u0161akyje.<\/li>\n<\/ul>\n<p><strong>Prisijunkite prie YOU&#039;stis partneri\u0173 klubo \u0161iandien!<\/strong> Pasinaudokite galimybe pakelti savo klub\u0105 su YOU&#039;stis. M\u0117gaukit\u0117s i\u0161skirtiniais privalumais, bendradarbiaudami kurkite ir tapkite madingos bendruomen\u0117s dalimi. Susisiekite su mumis, kad prad\u0117tum\u0117te savo partneryst\u0117s kelion\u0119 ir i\u0161 naujo apibr\u0117\u017etum\u0117te, k\u0105 rei\u0161kia b\u016bti madingam.<\/p>\n\r\n\t\t\t<\/div>\r\n\t\t\t<style>@media screen and (max-width: 1023px) {.thegem-vc-text.thegem-custom-69eacc9f23cc32971{display: block!important;}}@media screen and (max-width: 767px) {.thegem-vc-text.thegem-custom-69eacc9f23cc32971{display: block!important;}}@media screen and (max-width: 1023px) {.thegem-vc-text.thegem-custom-69eacc9f23cc32971{position: relative !important;}}@media screen and (max-width: 767px) {.thegem-vc-text.thegem-custom-69eacc9f23cc32971{position: relative !important;}}<\/style>\r\n\t\t<\/div>\r\n\t\r\n<\/div><\/div><\/div><\/div><div class=\"vc_row-full-width-before\"><\/div><div id=\"vc_row-69eacc9f24117\" data-vc-full-width=\"true\" data-vc-full-width-init=\"false\" class=\"vc_row wpb_row vc_row-fluid vc_custom_1706791276660 thegem-custom-69eacc9f2410b9403\"><script type=\"text\/javascript\">if (typeof(gem_fix_fullwidth_position) == \"function\") { gem_fix_fullwidth_position(document.getElementById(\"vc_row-69eacc9f24117\")); }<\/script><div class=\"wpb_column vc_column_container vc_col-sm-12 vc_hidden-xs thegem-custom-69eacc9f2428b2128\" ><div class=\"vc_column-inner thegem-custom-inner-69eacc9f2428c vc_custom_1632393155769\"><div class=\"wpb_wrapper thegem-custom-69eacc9f2428b2128\">\r\n\t\r\n\t\t<div class=\"wpb_text_column wpb_content_element  wpb_animate_when_almost_visible wpb_bottom-to-top bottom-to-top thegem-vc-text thegem-custom-69eacc9f243ba4904\"  >\r\n\t\t\t<div class=\"wpb_wrapper\">\r\n\t\t\t\t<div class=\"title-xlarge\" style=\"text-align: center;\"><span style=\"color: #f1e9dd;\">m\u016bs\u0173 partneriai<\/span><\/div>\n\r\n\t\t\t<\/div>\r\n\t\t\t<style>@media screen and (max-width: 1023px) {.thegem-vc-text.thegem-custom-69eacc9f243ba4904{display: block!important;}}@media screen and (max-width: 767px) {.thegem-vc-text.thegem-custom-69eacc9f243ba4904{display: block!important;}}@media screen and (max-width: 1023px) {.thegem-vc-text.thegem-custom-69eacc9f243ba4904{position: relative !important;}}@media screen and (max-width: 767px) {.thegem-vc-text.thegem-custom-69eacc9f243ba4904{position: relative !important;}}<\/style>\r\n\t\t<\/div>\r\n\t\r\n<div class=\"clearboth\"><\/div><style>#thegem-divider-69eacc9f24434 {margin-top: -80px !important;}<\/style><div id=\"thegem-divider-69eacc9f24434\" class=\"gem-divider\" style=\"\" ><\/div>\r\n\t\r\n\t\t<div class=\"wpb_text_column wpb_content_element  wpb_animate_when_almost_visible wpb_bottom-to-top bottom-to-top thegem-vc-text thegem-custom-69eacc9f2449b6785\"  >\r\n\t\t\t<div class=\"wpb_wrapper\">\r\n\t\t\t\t<div class=\"title-h1\" style=\"text-align: center;\">m\u016bs\u0173 partneriai<\/div>\n\r\n\t\t\t<\/div>\r\n\t\t\t<style>@media screen and (max-width: 1023px) {.thegem-vc-text.thegem-custom-69eacc9f2449b6785{display: block!important;}}@media screen and (max-width: 767px) {.thegem-vc-text.thegem-custom-69eacc9f2449b6785{display: block!important;}}@media screen and (max-width: 1023px) {.thegem-vc-text.thegem-custom-69eacc9f2449b6785{position: relative !important;}}@media screen and (max-width: 767px) {.thegem-vc-text.thegem-custom-69eacc9f2449b6785{position: relative !important;}}<\/style>\r\n\t\t<\/div>\r\n\t\r\n\r\n\t\r\n\t\t<div class=\"wpb_text_column wpb_content_element  wpb_animate_when_almost_visible wpb_fadeIn fadeIn thegem-vc-text thegem-custom-69eacc9f245426070\"  >\r\n\t\t\t<div class=\"wpb_wrapper\">\r\n\t\t\t\t<h5 class=\"wp-block-heading\" style=\"text-align: center;\">Savo partneriams si\u016blome i\u0161skirtines s\u0105lygas<\/h5>\n\r\n\t\t\t<\/div>\r\n\t\t\t<style>@media screen and (max-width: 1023px) {.thegem-vc-text.thegem-custom-69eacc9f245426070{display: block!important;}}@media screen and (max-width: 767px) {.thegem-vc-text.thegem-custom-69eacc9f245426070{display: block!important;}}@media screen and (max-width: 1023px) {.thegem-vc-text.thegem-custom-69eacc9f245426070{position: relative !important;}}@media screen and (max-width: 767px) {.thegem-vc-text.thegem-custom-69eacc9f245426070{position: relative !important;}}<\/style>\r\n\t\t<\/div>\r\n\t\r\n\r\n\t\r\n\t\t<div class=\"wpb_text_column wpb_content_element  wpb_animate_when_almost_visible wpb_bottom-to-top bottom-to-top thegem-vc-text thegem-custom-69eacc9f245de2919\"  >\r\n\t\t\t<div class=\"wpb_wrapper\">\r\n\t\t\t\t<p style=\"text-align: center;\">Bendradarbiaudami su mumis pasinaudokite i\u0161skirtiniais prana\u0161umais. M\u0117gaukit\u0117s ypatingomis kainomis ir unikaliomis galimyb\u0117mis!<\/p>\n\r\n\t\t\t<\/div>\r\n\t\t\t<style>@media screen and (max-width: 1023px) {.thegem-vc-text.thegem-custom-69eacc9f245de2919{display: block!important;}}@media screen and (max-width: 767px) {.thegem-vc-text.thegem-custom-69eacc9f245de2919{display: block!important;}}@media screen and (max-width: 1023px) {.thegem-vc-text.thegem-custom-69eacc9f245de2919{position: relative !important;}}@media screen and (max-width: 767px) {.thegem-vc-text.thegem-custom-69eacc9f245de2919{position: relative !important;}}<\/style>\r\n\t\t<\/div>\r\n\t\r\n<div class=\"gem-client-set-title\"> <div class=\"container\"> <div class=\"clients_title\"><h3> <\/h3><\/div> <\/div> <\/div> <div class=\"gem_client-carousel disable-grayscale lazy-loading\" > <div class=\"preloader\"> <div class=\"preloader-spin\"><\/div> <\/div> <div class=\"gem_client_carousel-items\" data-autoscroll='0'> <div class=\"gem-client-item lazy-loading-item\" data-ll-effect=\"drop-right\"> <a href=\"https:\/\/youstis.com\/\" target=\"_blank\" class=\"grayscale grayscale-hover rounded-corners\"><img width=\"200\" height=\"200\" src=\"https:\/\/youstis.com\/wp-content\/uploads\/IMG_1524-e1707217714887.png\" class=\"wp-post-image\" alt=\"IMG_1524\" \/><\/a><\/div> <\/div> <\/div><div class=\"gem-button-container gem-button-position-center thegem-button-69eacc9f259751599\"  ><a title=\"Susisiekite su mumis (demonstracin\u0117 versija)\" class=\"gem-button gem-button-size-small gem-button-style-flat gem-button-text-weight-normal\" data-ll-effect=\"drop-right-without-wrap\" style=\"border-radius: 3px;\" onmouseleave=\"\" onmouseenter=\"\" href=\"https:\/\/youstis.com\/become-a-partner\/\" target=\"_self\">Partneriams<\/a><\/div> <\/div><\/div><\/div><\/div><div class=\"vc_row-full-width vc_clearfix\"><\/div><\/div>","protected":false},"excerpt":{"rendered":"","protected":false},"author":3,"featured_media":0,"parent":0,"menu_order":0,"comment_status":"closed","ping_status":"closed","template":"","meta":{"footnotes":""},"class_list":["post-39778","page","type-page","status-publish"],"_links":{"self":[{"href":"https:\/\/youstis.com\/lt\/wp-json\/wp\/v2\/pages\/39778"}],"collection":[{"href":"https:\/\/youstis.com\/lt\/wp-json\/wp\/v2\/pages"}],"about":[{"href":"https:\/\/youstis.com\/lt\/wp-json\/wp\/v2\/types\/page"}],"author":[{"embeddable":true,"href":"https:\/\/youstis.com\/lt\/wp-json\/wp\/v2\/users\/3"}],"replies":[{"embeddable":true,"href":"https:\/\/youstis.com\/lt\/wp-json\/wp\/v2\/comments?post=39778"}],"version-history":[{"count":16,"href":"https:\/\/youstis.com\/lt\/wp-json\/wp\/v2\/pages\/39778\/revisions"}],"predecessor-version":[{"id":43189,"href":"https:\/\/youstis.com\/lt\/wp-json\/wp\/v2\/pages\/39778\/revisions\/43189"}],"wp:attachment":[{"href":"https:\/\/youstis.com\/lt\/wp-json\/wp\/v2\/media?parent=39778"}],"curies":[{"name":"wp","href":"https:\/\/api.w.org\/{rel}","templated":true}]}}