{"id":39797,"date":"2023-12-07T08:31:59","date_gmt":"2023-12-07T06:31:59","guid":{"rendered":"https:\/\/youstis.com\/?page_id=39797"},"modified":"2024-03-05T14:17:13","modified_gmt":"2024-03-05T12:17:13","slug":"delivery-terms","status":"publish","type":"page","link":"https:\/\/youstis.com\/lt\/pristatymo-salygos\/","title":{"rendered":"Pristatymo s\u0105lygos"},"content":{"rendered":"<p>U\u017esakymas Jus pasieks per 1-2 darbo dienas Lietuvoje, per 3-7 darbo dienas Europoje, s\u0117kmingai apmok\u0117jus u\u017esakym\u0105.<\/p><p>Siunta pristatoma ant pakuot\u0117s nurodytu gav\u0117jo adresu kit\u0105 darbo dien\u0105 po siuntos i\u0161siuntimo i\u0161 Youstis.com dienos.<\/p><p>Prie\u0161 pristatydamas siunt\u0105 gav\u0117jui, Venipak kurjeris susisiekia su gav\u0117ju ant pakuot\u0117s nurodytu telefono numeriu ir informuoja apie numatom\u0105 siuntos pristatymo laik\u0105.<\/p><p>Jei nepavyksta susisiekti su gav\u0117ju telefonu, Venipak kurjeris siunt\u0105 pristato gav\u0117jui ant pakuot\u0117s nurodytu gav\u0117jo adresu.<\/p><p>Pristatymo metu, jei siunta negali b\u016bti pristatyta ne d\u0117l Venipak kalt\u0117s, Venipak kurjeris \u012f gaunamos pa\u0161to korespondencijos siunt\u0173 d\u0117\u017eut\u0119 palieka siuntos gavimo prane\u0161im\u0105 gav\u0117jui, kuriame nurodo siuntos saugojimo adres\u0105. ne\u012fteikt\u0105 siunt\u0105 ir\/ar telefono numer\u012f, kuriuo paskambin\u0119s siuntos gav\u0117jas gali gauti informacij\u0105 apie saugomos siuntos atsi\u0117mimo s\u0105lygas.<\/p><p>Siuntinys, kuris negal\u0117jo b\u016bti pristatytas gav\u0117jo adresu ne d\u0117l Venipak kalt\u0117s, nemokamai saugomas pa\u0161to skyriuje \/ Venipak kurjerio darbo vietoje pagal gav\u0117jo adres\u0105 15 kalendorini\u0173 dien\u0173 nuo siuntos gavimo dienos. siuntinys pa\u0161te\/kurjerio darboviet\u0117je.<\/p><p>Siuntinys, kurio gav\u0117jas neatsi\u0117m\u0117 arba nepristatytas d\u0117l Venipak kalt\u0117s, pasibaigus saugojimo laikui gr\u0105\u017einamas Youstis.com.<\/p><p>SVARBU: Primename, kad turite pasirinkti pristatymo adres\u0105, kuriame b\u016bsite, kai kurjeris jums pristatys prekes. Jei pasirinktu laiku b\u016bsite kitu adresu, \u012fveskite j\u012f, pavyzd\u017eiui, darboviet\u0117s adres\u0105.<\/p>","protected":false},"excerpt":{"rendered":"<p>The order will reach you within 1-2 working days in Lithuania, within 3-7 working days in Europe, after successful payment&#8230;<\/p>","protected":false},"author":3,"featured_media":0,"parent":0,"menu_order":0,"comment_status":"closed","ping_status":"closed","template":"","meta":{"footnotes":""},"class_list":["post-39797","page","type-page","status-publish"],"_links":{"self":[{"href":"https:\/\/youstis.com\/lt\/wp-json\/wp\/v2\/pages\/39797"}],"collection":[{"href":"https:\/\/youstis.com\/lt\/wp-json\/wp\/v2\/pages"}],"about":[{"href":"https:\/\/youstis.com\/lt\/wp-json\/wp\/v2\/types\/page"}],"author":[{"embeddable":true,"href":"https:\/\/youstis.com\/lt\/wp-json\/wp\/v2\/users\/3"}],"replies":[{"embeddable":true,"href":"https:\/\/youstis.com\/lt\/wp-json\/wp\/v2\/comments?post=39797"}],"version-history":[{"count":3,"href":"https:\/\/youstis.com\/lt\/wp-json\/wp\/v2\/pages\/39797\/revisions"}],"predecessor-version":[{"id":43529,"href":"https:\/\/youstis.com\/lt\/wp-json\/wp\/v2\/pages\/39797\/revisions\/43529"}],"wp:attachment":[{"href":"https:\/\/youstis.com\/lt\/wp-json\/wp\/v2\/media?parent=39797"}],"curies":[{"name":"wp","href":"https:\/\/api.w.org\/{rel}","templated":true}]}}