{"id":7265,"date":"2017-08-14T10:38:09","date_gmt":"2017-08-14T10:38:09","guid":{"rendered":"https:\/\/democontent.codex-themes.com\/sites-wpb-v5\/shop-landing\/?page_id=7265"},"modified":"2023-12-06T00:33:36","modified_gmt":"2023-12-05T22:33:36","slug":"my-account","status":"publish","type":"page","link":"https:\/\/youstis.com\/lt\/mano-saskaita\/","title":{"rendered":"Mano paskyra"},"content":{"rendered":"<div class=\"wpb-content-wrapper\"><div id=\"vc_row-69fec4f7f10ca\" class=\"vc_row wpb_row vc_row-fluid vc_custom_1630503988583 thegem-custom-69fec4f7f10983617\"><div class=\"wpb_column vc_column_container vc_col-sm-12 thegem-custom-69fec4f7f12465970\" ><div class=\"vc_column-inner thegem-custom-inner-69fec4f7f1247\"><div class=\"wpb_wrapper thegem-custom-69fec4f7f12465970\"><div class=\"woocommerce\"><div class=\"woocommerce-notices-wrapper\"><\/div>\r\n<div class=\"woocommerce-notices-wrapper\"><\/div>\r\n<div class=\"row woocommerce-account-modern\" id=\"customer_details\">\r\n\t<div class=\"col-sm-6 col-xs-12 checkout-login\">\r\n\t\t<h2><span class=\"light\" data-no-translation=\"\" data-trp-gettext=\"\">Prisijungti<\/span><\/h2>\r\n\r\n\t\t<form class=\"woocommerce-form woocommerce-form-login login\" method=\"post\" action=\"\">\r\n\r\n\t\t\t\r\n\t\t\t<p class=\"woocommerce-form-row woocommerce-form-row--wide form-row form-row-wide\">\r\n\t\t\t\t<label for=\"username\">Vartotojo vardas arba el.pa\u0161to adresas&nbsp;<span class=\"required\">*<\/span><\/label>\r\n\t\t\t\t<input type=\"text\" class=\"woocommerce-Input woocommerce-Input--text input-text\" name=\"username\" id=\"username\" autocomplete=\"username\" value=\"\" \/>\t\t\t<\/p>\r\n\t\t\t<p class=\"woocommerce-form-row woocommerce-form-row--wide form-row form-row-wide\">\r\n\t\t\t\t<label for=\"password\">Slapta\u017eodis&nbsp;<span class=\"required\">*<\/span><\/label>\r\n\t\t\t\t<input class=\"woocommerce-Input woocommerce-Input--text input-text\" type=\"password\" name=\"password\" id=\"password\" autocomplete=\"current-password\" \/>\r\n\t\t\t<\/p>\r\n\r\n\t\t\t\r\n\t\t\t<div class=\"form-row inline\">\r\n\t\t\t\t<input type=\"hidden\" id=\"woocommerce-login-nonce\" name=\"woocommerce-login-nonce\" value=\"721a347ff9\" \/><input type=\"hidden\" name=\"_wp_http_referer\" value=\"\/lt\/wp-json\/wp\/v2\/pages\/7265\" \/>\t\t\t\t<div class=\"gem-button-container gem-button-position-inline thegem-button-69fec4f7f20808980 checkout-login-button\"  ><button class=\"gem-button gem-button-size-small gem-button-style-outline gem-button-text-weight-normal gem-button-border-2\" data-ll-effect=\"drop-right-without-wrap\" style=\"border-radius: 3px;\" onmouseleave=\"\" onmouseenter=\"\" type=\"submit\" name=\"login\" value=\"Prisijungti\" data-no-translation=\"\" data-trp-gettext=\"\" data-no-translation-value=\"\">Prisijungti<\/button><\/div> \t\t\t\t<span class=\"checkout-login-remember\">\r\n\t\t\t\t\t<input name=\"rememberme\" type=\"checkbox\" id=\"rememberme\" value=\"forever\" class=\"gem-checkbox\" \/>\r\n\t\t\t\t\t<label for=\"rememberme\" class=\"inline\"> Prisiminti mane<\/label>\r\n\t\t\t\t<\/span>\r\n\t\t\t\t<p class=\"woocommerce-LostPassword lost_password\">\r\n\t\t\t\t\t<a href=\"https:\/\/youstis.com\/lt\/mano-saskaita\/lost-password\/\" data-no-translation=\"\" data-trp-gettext=\"\">Praradote savo slapta\u017eod\u012f?<\/a>\r\n\t\t\t\t<\/p>\r\n\t\t\t<\/div>\r\n\r\n\t\t\t\r\n\t\t<input type=\"hidden\" name=\"trp-form-language\" value=\"lt\"\/><\/form>\r\n\t<\/div>\r\n\r\n\t\r\n\t\t<div class=\"col-sm-6 col-xs-12 my-account-signup\">\r\n\r\n\t\t\t<h2><span class=\"light\" data-no-translation=\"\" data-trp-gettext=\"\">Registruotis<\/span><\/h2>\r\n\r\n\t\t\t<form method=\"post\" class=\"woocommerce-form woocommerce-form-register register\" action=\"\"  >\r\n\t\t\t\t<div class=\"register-inner\">\r\n\t\t\t\t\t\r\n\t\t\t\t\t\r\n\t\t\t\t\t<p class=\"woocommerce-form-row woocommerce-form-row--wide form-row form-row-wide\">\r\n\t\t\t\t\t\t<label for=\"reg_email\">El.pa\u0161tas&nbsp;<span class=\"required\">*<\/span><\/label>\r\n\t\t\t\t\t\t<input type=\"email\" class=\"woocommerce-Input woocommerce-Input--text input-text\" name=\"email\" id=\"reg_email\" autocomplete=\"email\" value=\"\" \/>\t\t\t\t\t<\/p>\r\n\r\n\t\t\t\t\t\r\n\t\t\t\t\t\t<p class=\"woocommerce-form-row woocommerce-form-row--wide form-row form-row-wide\">\r\n\t\t\t\t\t\t\t<label for=\"reg_password\">Slapta\u017eodis&nbsp;<span class=\"required\">*<\/span><\/label>\r\n\t\t\t\t\t\t\t<input type=\"password\" class=\"woocommerce-Input woocommerce-Input--text input-text\" name=\"password\" id=\"reg_password\" autocomplete=\"new-password\" \/>\r\n\t\t\t\t\t\t<\/p>\r\n\t\t\t\t\t\r\n\t\t\t\t\t<div class=\"woocommerce-privacy-policy-text\"><p>J\u016bs\u0173 asmeniniai duomenys bus naudojami siekiant palaikyti j\u016bs\u0173 patirt\u012f \u0161ioje svetain\u0117je, valdyti prieig\u0105 prie j\u016bs\u0173 paskyros ir kitais tikslais, apra\u0161ytais m\u016bs\u0173 <a href=\"https:\/\/youstis.com\/lt\/privacy-policy\/\" class=\"woocommerce-privacy-policy-link\" target=\"_blank\" data-no-translation=\"\" data-trp-gettext=\"\">privatumo politikoje<\/a>.<\/p>\n<\/div>\t\t\t\t<\/div>\r\n\r\n\t\t\t\t<div class=\"woocommerce-form-row form-row\">\r\n\t\t\t\t\t<input type=\"hidden\" id=\"woocommerce-register-nonce\" name=\"woocommerce-register-nonce\" value=\"5ac6a4cd8b\" \/><input type=\"hidden\" name=\"_wp_http_referer\" value=\"\/lt\/wp-json\/wp\/v2\/pages\/7265\" \/>\t\t\t\t\t<div class=\"gem-button-container gem-button-position-inline thegem-button-69fec4f7f2f1a6513 checkout-login-button\"  ><button class=\"gem-button gem-button-size-small gem-button-style-outline gem-button-text-weight-normal gem-button-border-2\" data-ll-effect=\"drop-right-without-wrap\" style=\"border-radius: 3px;\" onmouseleave=\"\" onmouseenter=\"\" type=\"submit\" name=\"register\" value=\"Registruotis\" data-no-translation=\"\" data-trp-gettext=\"\" data-no-translation-value=\"\">Registruotis<\/button><\/div> \t\t\t\t<\/div>\r\n\r\n\t\t\t\t\r\n\t\t\t<input type=\"hidden\" name=\"trp-form-language\" value=\"lt\"\/><\/form>\r\n\r\n\t\t<\/div>\r\n\t<\/div>\r\n\r\n<\/div><\/div><\/div><\/div><\/div>\n<\/div>","protected":false},"excerpt":{"rendered":"","protected":false},"author":1,"featured_media":0,"parent":0,"menu_order":0,"comment_status":"closed","ping_status":"closed","template":"","meta":{"footnotes":""},"class_list":["post-7265","page","type-page","status-publish"],"_links":{"self":[{"href":"https:\/\/youstis.com\/lt\/wp-json\/wp\/v2\/pages\/7265"}],"collection":[{"href":"https:\/\/youstis.com\/lt\/wp-json\/wp\/v2\/pages"}],"about":[{"href":"https:\/\/youstis.com\/lt\/wp-json\/wp\/v2\/types\/page"}],"author":[{"embeddable":true,"href":"https:\/\/youstis.com\/lt\/wp-json\/wp\/v2\/users\/1"}],"replies":[{"embeddable":true,"href":"https:\/\/youstis.com\/lt\/wp-json\/wp\/v2\/comments?post=7265"}],"version-history":[{"count":3,"href":"https:\/\/youstis.com\/lt\/wp-json\/wp\/v2\/pages\/7265\/revisions"}],"predecessor-version":[{"id":39751,"href":"https:\/\/youstis.com\/lt\/wp-json\/wp\/v2\/pages\/7265\/revisions\/39751"}],"wp:attachment":[{"href":"https:\/\/youstis.com\/lt\/wp-json\/wp\/v2\/media?parent=7265"}],"curies":[{"name":"wp","href":"https:\/\/api.w.org\/{rel}","templated":true}]}}