{"id":8222,"date":"2019-02-01T11:47:12","date_gmt":"2019-02-01T09:47:12","guid":{"rendered":"https:\/\/democontent.codex-themes.com\/sites-wpb-v5\/shop-landing\/about\/about-us-2\/"},"modified":"2024-03-07T11:16:25","modified_gmt":"2024-03-07T09:16:25","slug":"our-stores","status":"publish","type":"page","link":"https:\/\/youstis.com\/lt\/our-stores\/","title":{"rendered":"M\u016bs\u0173 parduotuv\u0117s"},"content":{"rendered":"<div class=\"wpb-content-wrapper\"><div class=\"vc_row-full-width-before\"><\/div><div id=\"vc_row-69eae198bf4c1\" data-vc-full-width=\"true\" data-vc-full-width-init=\"false\" class=\"vc_row wpb_row vc_row-fluid vc_custom_1706692364655 thegem-custom-69eae198bf4848426 vc_row-o-equal-height vc_row-flex\"><script type=\"text\/javascript\">if (typeof(gem_fix_fullwidth_position) == \"function\") { gem_fix_fullwidth_position(document.getElementById(\"vc_row-69eae198bf4c1\")); }<\/script><div class=\"wpb_column vc_column_container vc_col-sm-12 vc_col-lg-6 vc_col-md-6 thegem-custom-69eae198bf8c35711\" ><div class=\"vc_column-inner thegem-custom-inner-69eae198bf8c4\"><div class=\"wpb_wrapper thegem-custom-69eae198bf8c35711\"><div class=\"clearboth\"><\/div><style>#thegem-divider-69eae198bfb73 {margin-top: -10px !important;}<\/style><div id=\"thegem-divider-69eae198bfb73\" class=\"gem-divider\" style=\"\" ><\/div>\r\n\t\r\n\t\t<div class=\"wpb_text_column wpb_content_element  wpb_animate_when_almost_visible wpb_bottom-to-top bottom-to-top thegem-vc-text thegem-custom-69eae198bfdee2278\"  >\r\n\t\t\t<div class=\"wpb_wrapper\">\r\n\t\t\t\t<div class=\"title-h1\">Kvie\u010diame apsilankyti<\/div>\n\r\n\t\t\t<\/div>\r\n\t\t\t<style>@media screen and (max-width: 1023px) {.thegem-vc-text.thegem-custom-69eae198bfdee2278{display: block!important;}}@media screen and (max-width: 767px) {.thegem-vc-text.thegem-custom-69eae198bfdee2278{display: block!important;}}@media screen and (max-width: 1023px) {.thegem-vc-text.thegem-custom-69eae198bfdee2278{position: relative !important;}}@media screen and (max-width: 767px) {.thegem-vc-text.thegem-custom-69eae198bfdee2278{position: relative !important;}}<\/style>\r\n\t\t<\/div>\r\n\t\r\n\r\n\t\r\n\t\t<div class=\"wpb_text_column wpb_content_element  wpb_animate_when_almost_visible wpb_bottom-to-top bottom-to-top thegem-vc-text thegem-custom-69eae198bfeae8403\"  >\r\n\t\t\t<div class=\"wpb_wrapper\">\r\n\t\t\t\t<h5>Mes visada laukiame j\u016bs\u0173<\/h5>\n\r\n\t\t\t<\/div>\r\n\t\t\t<style>@media screen and (max-width: 1023px) {.thegem-vc-text.thegem-custom-69eae198bfeae8403{display: block!important;}}@media screen and (max-width: 767px) {.thegem-vc-text.thegem-custom-69eae198bfeae8403{display: block!important;}}@media screen and (max-width: 1023px) {.thegem-vc-text.thegem-custom-69eae198bfeae8403{position: relative !important;}}@media screen and (max-width: 767px) {.thegem-vc-text.thegem-custom-69eae198bfeae8403{position: relative !important;}}<\/style>\r\n\t\t<\/div>\r\n\t\r\n<div class=\"clearboth\"><\/div><style>#thegem-divider-69eae198bfefe {margin-top: 50px !important;}<\/style><div id=\"thegem-divider-69eae198bfefe\" class=\"gem-divider\" style=\"\" ><\/div>\r\n\t\r\n\t\t<div class=\"wpb_text_column wpb_content_element  wpb_animate_when_almost_visible wpb_bottom-to-top bottom-to-top thegem-vc-text thegem-custom-69eae198bff3e7306\"  >\r\n\t\t\t<div class=\"wpb_wrapper\">\r\n\t\t\t\t<div class=\"styled-subtitle\">\n<p>\u012evertinkite m\u016bs\u0173 gaminius m\u016bs\u0173 partneri\u0173 sportini\u0173 drabu\u017ei\u0173 parduotuv\u0117se. Ten rasite visus geriausius m\u016bs\u0173 gaminius. Nesvarbu, ar esate profesionalus sportininkas, ar tik m\u0117g\u0117jas, \u0161iose parduotuv\u0117se rasite visk\u0105, ko jums reikia aktyviam sportui.<\/p>\n<p>M\u016bs\u0173 partneri\u0173 parduotuv\u0117s yra tarsi mini bendruomen\u0117s sporto gerb\u0117jams. Ten dirbantys konsultantai pad\u0117s jums i\u0161sirinkti tinkam\u0105 aprang\u0105 bei aksesuarus, kurie puikiai tinks j\u016bs\u0173 treniruot\u0117ms ar aktyviam laisvalaikiui.<\/p>\n<p>Iki pasimatymo!<\/p>\n<\/div>\n\r\n\t\t\t<\/div>\r\n\t\t\t<style>@media screen and (max-width: 1023px) {.thegem-vc-text.thegem-custom-69eae198bff3e7306{display: block!important;}}@media screen and (max-width: 767px) {.thegem-vc-text.thegem-custom-69eae198bff3e7306{display: block!important;}}@media screen and (max-width: 1023px) {.thegem-vc-text.thegem-custom-69eae198bff3e7306{position: relative !important;}}@media screen and (max-width: 767px) {.thegem-vc-text.thegem-custom-69eae198bff3e7306{position: relative !important;}}<\/style>\r\n\t\t<\/div>\r\n\t\r\n<\/div><\/div><\/div><div class=\"wpb_column vc_column_container vc_col-sm-6 vc_col-lg-6 vc_col-md-6 vc_hidden-sm vc_hidden-xs thegem-custom-69eae198c0010808\" ><div class=\"vc_column-inner thegem-custom-inner-69eae198c0011\"><div class=\"wpb_wrapper thegem-custom-69eae198c0010808\"><div class=\"centered-box gem-image-centered-box\" ><div class=\"gem-image gem-wrapbox gem-wrapbox-style-default gem-wrapbox-position-centered lazy-loading  thegem-custom-69eae198c00b31147\"  style=\"\" ><div class=\"gem-wrapbox-inner  lazy-loading-item\"  data-ll-effect=\"move-up\"><img class=\"gem-wrapbox-element img-responsive\" src=\"https:\/\/youstis.com\/wp-content\/uploads\/DALL\u00b7E-2024-01-28-23.56.36-A-modern-and-inviting-sports-store-exterior-with-large-windows-showcasing-a-sleek-design-and-the-prominent-YOUstis-logo.-The-store-has-an-open-and-a.png\" alt=\"\"\/><\/div><\/div><\/div><\/div><\/div><\/div><div class=\"inner-custom-back wpb_column vc_column_container vc_col-sm-4 vc_col-lg-2 vc_col-md-3 vc_hidden-xs thegem-custom-69eae198c05024954 vc_col-has-fill\" ><div class=\"vc_column-inner thegem-custom-inner-69eae198c0503 vc_custom_1708034408194\"><div class=\"wpb_wrapper thegem-custom-69eae198c05024954\"><\/div><\/div><\/div><\/div><div class=\"vc_row-full-width vc_clearfix\"><\/div><div class=\"vc_row-full-width-before\"><\/div><div id=\"vc_row-69eae198c061e\" data-vc-full-width=\"true\" data-vc-full-width-init=\"false\" class=\"vc_row wpb_row vc_row-fluid vc_custom_1549022904263 thegem-custom-69eae198c06161556\"><script type=\"text\/javascript\">if (typeof(gem_fix_fullwidth_position) == \"function\") { gem_fix_fullwidth_position(document.getElementById(\"vc_row-69eae198c061e\")); }<\/script><div class=\"wpb_column vc_column_container vc_col-sm-12 thegem-custom-69eae198c0737681\" ><div class=\"vc_column-inner thegem-custom-inner-69eae198c0738\"><div class=\"wpb_wrapper thegem-custom-69eae198c0737681\"><div class=\"vc_tta-container\" data-vc-action=\"collapse\"><div class=\"vc_general vc_tta vc_tta-accordion vc_tta-color-black vc_tta-style-simple_solid vc_tta-shape-square vc_tta-o-shape-group vc_tta-controls-align-default wpb_animate_when_almost_visible wpb_bottom-to-top bottom-to-top\" ><div class=\"vc_tta-panels-container\"><div class=\"vc_tta-panels\"><div class=\"vc_tta-panel\" id=\"1700145020441-249dd938-95d0\" data-vc-content=\".vc_tta-panel-body\"><div class=\"vc_tta-panel-heading\"><h4 class=\"vc_tta-panel-title vc_tta-controls-icon-position-left\"><a href=\"#1700145020441-249dd938-95d0\" data-vc-accordion data-vc-container=\".vc_tta-container\"><span class=\"vc_tta-title-text\">VILNIUS (SPORTNETAS)<\/span><i class=\"vc_tta-controls-icon vc_tta-controls-icon-solid_squared\"><\/i><\/a><\/h4><\/div><div class=\"vc_tta-panel-body\"><div class=\"vc_row wpb_row vc_inner vc_row-fluid thegem-custom-69eae198c10659973 custom-inner-column-69eae198c106a\" ><div class=\"wpb_column vc_column_container vc_col-sm-12 vc_col-md-3 thegem-custom-69eae198c13957970\"><div class=\"vc_column-inner thegem-custom-inner-69eae198c1397\"><div class=\"wpb_wrapper thegem-custom-69eae198c13957970\">\r\n\t\r\n\t\t<div class=\"wpb_text_column wpb_content_element  thegem-vc-text thegem-custom-69eae198c14ae4204\"  >\r\n\t\t\t<div class=\"wpb_wrapper\">\r\n\t\t\t\t<div class=\"DUwDvf lfPIob title-h3\">Sportnetas<\/div>\n\r\n\t\t\t<\/div>\r\n\t\t\t<style>@media screen and (max-width: 1023px) {.thegem-vc-text.thegem-custom-69eae198c14ae4204{display: block!important;}}@media screen and (max-width: 767px) {.thegem-vc-text.thegem-custom-69eae198c14ae4204{display: block!important;}}@media screen and (max-width: 1023px) {.thegem-vc-text.thegem-custom-69eae198c14ae4204{position: relative !important;}}@media screen and (max-width: 767px) {.thegem-vc-text.thegem-custom-69eae198c14ae4204{position: relative !important;}}<\/style>\r\n\t\t<\/div>\r\n\t\r\n<div class=\"clearboth\"><\/div><div id=\"thegem-divider-69eae198c152f\" class=\"gem-divider\" style=\"\" ><\/div><div class=\"vc_separator wpb_content_element vc_separator_align_center vc_sep_width_100 vc_sep_pos_align_center vc_separator_no_text vc_sep_color_grey  wpb_content_element\"><span class=\"vc_sep_holder vc_sep_holder_l\"><span  class=\"vc_sep_line\"><\/span><\/span><span class=\"vc_sep_holder vc_sep_holder_r\"><span  class=\"vc_sep_line\"><\/span><\/span>\r\n<\/div><div class=\"clearboth\"><\/div><div id=\"thegem-divider-69eae198c1a60\" class=\"gem-divider\" style=\"\" ><\/div>\r\n\t\r\n\t\t<div class=\"wpb_text_column wpb_content_element  thegem-vc-text thegem-custom-69eae198c1ac4314\"  >\r\n\t\t\t<div class=\"wpb_wrapper\">\r\n\t\t\t\t<div class=\"gem-contacts-item gem-contacts-address\">Adresas: Spaudos g. 9, 05132 Vilnius<\/div>\n<div class=\"gem-contacts-item gem-contacts-phone\">Telefonas: <a href=\"tel:+370 652 04991\">+370 605 60537<\/a><\/div>\n<div class=\"gem-contacts-item gem-contacts-email\">El. pa\u0161tas:<a href=\"mailto:info@sportnetas.com\">info@sportnetas.com<\/a><\/div>\n<div class=\"gem-contacts-item gem-contacts-website\">\n<p>Interneto svetain\u0117:\u00a0<a href=\"https:\/\/sportnetas.com\/\">www.sportnetas.com<\/a><\/p>\n<\/div>\n\r\n\t\t\t<\/div>\r\n\t\t\t<style>@media screen and (max-width: 1023px) {.thegem-vc-text.thegem-custom-69eae198c1ac4314{display: block!important;}}@media screen and (max-width: 767px) {.thegem-vc-text.thegem-custom-69eae198c1ac4314{display: block!important;}}@media screen and (max-width: 1023px) {.thegem-vc-text.thegem-custom-69eae198c1ac4314{position: relative !important;}}@media screen and (max-width: 767px) {.thegem-vc-text.thegem-custom-69eae198c1ac4314{position: relative !important;}}<\/style>\r\n\t\t<\/div>\r\n\t\r\n<\/div><\/div><\/div><div class=\"wpb_column vc_column_container vc_col-sm-12 vc_col-md-9 thegem-custom-69eae198c1c1c1497\"><div class=\"vc_column-inner thegem-custom-inner-69eae198c1c1d vc_custom_1549022722289\"><div class=\"wpb_wrapper thegem-custom-69eae198c1c1c1497\">\r\n<div class=\"wpb_gmaps_widget wpb_content_element\">\r\n\t\t<div class=\"wpb_wrapper\">\r\n\t\t<div class=\"wpb_map_wraper\">\r\n\t\t\t<iframe src=\"https:\/\/www.google.com\/maps\/embed?pb=!1m18!1m12!1m3!1d2305.4224552347205!2d25.214427600000004!3d54.7021903!2m3!1f0!2f0!3f0!3m2!1i1024!2i768!4f13.1!3m3!1m2!1s0x46dd93c56af99d39%3A0x4c7681e81558a7ad!2sSpaudos%20g.%209%2C%2005132%20Vilnius!5e0!3m2!1slt!2slt!4v1706633707161!5m2!1slt!2slt\" width=\"600\" height=\"480\" style=\"border:0;\" allowfullscreen=\"\" loading=\"lazy\" referrerpolicy=\"no-referrer-when-downgrade\"><\/iframe>\t\t<\/div>\r\n\t<\/div><\/div><\/div><\/div><\/div><\/div><\/div><\/div><div class=\"vc_tta-panel vc_active\" id=\"1700144994591-e9983352-208c\" data-vc-content=\".vc_tta-panel-body\"><div class=\"vc_tta-panel-heading\"><h4 class=\"vc_tta-panel-title vc_tta-controls-icon-position-left\"><a href=\"#1700144994591-e9983352-208c\" data-vc-accordion data-vc-container=\".vc_tta-container\"><span class=\"vc_tta-title-text\">VILNIUS (OFFICE&amp;PICKUP)<\/span><i class=\"vc_tta-controls-icon vc_tta-controls-icon-solid_squared\"><\/i><\/a><\/h4><\/div><div class=\"vc_tta-panel-body\"><div class=\"vc_row wpb_row vc_inner vc_row-fluid thegem-custom-69eae198c222c7183 custom-inner-column-69eae198c2231\" ><div class=\"wpb_column vc_column_container vc_col-sm-12 vc_col-md-3 thegem-custom-69eae198c23686736\"><div class=\"vc_column-inner thegem-custom-inner-69eae198c2369\"><div class=\"wpb_wrapper thegem-custom-69eae198c23686736\">\r\n\t\r\n\t\t<div class=\"wpb_text_column wpb_content_element  thegem-vc-text thegem-custom-69eae198c24396277\"  >\r\n\t\t\t<div class=\"wpb_wrapper\">\r\n\t\t\t\t<div class=\"DUwDvf lfPIob title-h3\">YOURGA UAB<\/div>\n\r\n\t\t\t<\/div>\r\n\t\t\t<style>@media screen and (max-width: 1023px) {.thegem-vc-text.thegem-custom-69eae198c24396277{display: block!important;}}@media screen and (max-width: 767px) {.thegem-vc-text.thegem-custom-69eae198c24396277{display: block!important;}}@media screen and (max-width: 1023px) {.thegem-vc-text.thegem-custom-69eae198c24396277{position: relative !important;}}@media screen and (max-width: 767px) {.thegem-vc-text.thegem-custom-69eae198c24396277{position: relative !important;}}<\/style>\r\n\t\t<\/div>\r\n\t\r\n<div class=\"clearboth\"><\/div><div id=\"thegem-divider-69eae198c24a8\" class=\"gem-divider\" style=\"\" ><\/div><div class=\"vc_separator wpb_content_element vc_separator_align_center vc_sep_width_100 vc_sep_pos_align_center vc_separator_no_text vc_sep_color_grey  wpb_content_element\"><span class=\"vc_sep_holder vc_sep_holder_l\"><span  class=\"vc_sep_line\"><\/span><\/span><span class=\"vc_sep_holder vc_sep_holder_r\"><span  class=\"vc_sep_line\"><\/span><\/span>\r\n<\/div><div class=\"clearboth\"><\/div><div id=\"thegem-divider-69eae198c2571\" class=\"gem-divider\" style=\"\" ><\/div>\r\n\t\r\n\t\t<div class=\"wpb_text_column wpb_content_element  thegem-vc-text thegem-custom-69eae198c25c43500\"  >\r\n\t\t\t<div class=\"wpb_wrapper\">\r\n\t\t\t\t<div class=\"gem-contacts-item gem-contacts-address\">Adresas: Gaono g. 10, 01131 Vilnius<\/div>\n<div class=\"gem-contacts-item gem-contacts-phone\">Telefonas:\u00a0<a href=\"tel:+370 652 04991\">+370 650 28558<\/a><\/div>\n<div class=\"gem-contacts-item gem-contacts-email\">El. pa\u0161tas:\u00a0<a href=\"mailto:info@youstis.com\">info@youstis.com<\/a><\/div>\n<div class=\"gem-contacts-item gem-contacts-website\">\n<p>Interneto svetain\u0117:\u00a0<a href=\"http:\/\/www.youstis.com\">www.youstis.com<\/a><\/p>\n<\/div>\n\r\n\t\t\t<\/div>\r\n\t\t\t<style>@media screen and (max-width: 1023px) {.thegem-vc-text.thegem-custom-69eae198c25c43500{display: block!important;}}@media screen and (max-width: 767px) {.thegem-vc-text.thegem-custom-69eae198c25c43500{display: block!important;}}@media screen and (max-width: 1023px) {.thegem-vc-text.thegem-custom-69eae198c25c43500{position: relative !important;}}@media screen and (max-width: 767px) {.thegem-vc-text.thegem-custom-69eae198c25c43500{position: relative !important;}}<\/style>\r\n\t\t<\/div>\r\n\t\r\n<\/div><\/div><\/div><div class=\"wpb_column vc_column_container vc_col-sm-12 vc_col-md-9 thegem-custom-69eae198c27058887\"><div class=\"vc_column-inner thegem-custom-inner-69eae198c2707 vc_custom_1549022722289\"><div class=\"wpb_wrapper thegem-custom-69eae198c27058887\">\r\n<div class=\"wpb_gmaps_widget wpb_content_element\">\r\n\t\t<div class=\"wpb_wrapper\">\r\n\t\t<div class=\"wpb_map_wraper\">\r\n\t\t\t<iframe src=\"https:\/\/www.google.com\/maps\/embed?pb=!1m18!1m12!1m3!1d2306.6725477758623!2d25.283764776720318!3d54.6801916727061!2m3!1f0!2f0!3f0!3m2!1i1024!2i768!4f13.1!3m3!1m2!1s0x46dd9415b442bb9f%3A0xd18231abf06c15c!2sGaono%20g.%2010%2C%2001131%20Vilnius!5e0!3m2!1slt!2slt!4v1706633791343!5m2!1slt!2slt\" width=\"600\" height=\"480\" style=\"border:0;\" allowfullscreen=\"\" loading=\"lazy\" referrerpolicy=\"no-referrer-when-downgrade\"><\/iframe>\t\t<\/div>\r\n\t<\/div><\/div><\/div><\/div><\/div><\/div><\/div><\/div><\/div><\/div><\/div><\/div><\/div><\/div><\/div><\/div><div class=\"vc_row-full-width vc_clearfix\"><\/div><div class=\"vc_row-full-width-before\"><\/div><div id=\"vc_row-69eae198c2b16\" data-vc-full-width=\"true\" data-vc-full-width-init=\"false\" class=\"vc_row wpb_row vc_row-fluid vc_custom_1706692556538 thegem-custom-69eae198c2b094539\"><script type=\"text\/javascript\">if (typeof(gem_fix_fullwidth_position) == \"function\") { gem_fix_fullwidth_position(document.getElementById(\"vc_row-69eae198c2b16\")); }<\/script><div class=\"wpb_column vc_column_container vc_col-sm-12 vc_hidden-xs thegem-custom-69eae198c2cb83533\" ><div class=\"vc_column-inner thegem-custom-inner-69eae198c2cba vc_custom_1632393155769\"><div class=\"wpb_wrapper thegem-custom-69eae198c2cb83533\">\r\n\t\r\n\t\t<div class=\"wpb_text_column wpb_content_element  wpb_animate_when_almost_visible wpb_bottom-to-top bottom-to-top thegem-vc-text thegem-custom-69eae198c2de95889\"  >\r\n\t\t\t<div class=\"wpb_wrapper\">\r\n\t\t\t\t<div class=\"title-xlarge\" style=\"text-align: center;\"><span style=\"color: #f1e9dd;\">m\u016bs\u0173 partneriai<\/span><\/div>\n\r\n\t\t\t<\/div>\r\n\t\t\t<style>@media screen and (max-width: 1023px) {.thegem-vc-text.thegem-custom-69eae198c2de95889{display: block!important;}}@media screen and (max-width: 767px) {.thegem-vc-text.thegem-custom-69eae198c2de95889{display: block!important;}}@media screen and (max-width: 1023px) {.thegem-vc-text.thegem-custom-69eae198c2de95889{position: relative !important;}}@media screen and (max-width: 767px) {.thegem-vc-text.thegem-custom-69eae198c2de95889{position: relative !important;}}<\/style>\r\n\t\t<\/div>\r\n\t\r\n<div class=\"clearboth\"><\/div><style>#thegem-divider-69eae198c2e5a {margin-top: -90px !important;}<\/style><div id=\"thegem-divider-69eae198c2e5a\" class=\"gem-divider\" style=\"\" ><\/div>\r\n\t\r\n\t\t<div class=\"wpb_text_column wpb_content_element  wpb_animate_when_almost_visible wpb_bottom-to-top bottom-to-top thegem-vc-text thegem-custom-69eae198c2eb67883\"  >\r\n\t\t\t<div class=\"wpb_wrapper\">\r\n\t\t\t\t<div class=\"title-h1\" style=\"text-align: center;\">m\u016bs\u0173 partneriai<\/div>\n\r\n\t\t\t<\/div>\r\n\t\t\t<style>@media screen and (max-width: 1023px) {.thegem-vc-text.thegem-custom-69eae198c2eb67883{display: block!important;}}@media screen and (max-width: 767px) {.thegem-vc-text.thegem-custom-69eae198c2eb67883{display: block!important;}}@media screen and (max-width: 1023px) {.thegem-vc-text.thegem-custom-69eae198c2eb67883{position: relative !important;}}@media screen and (max-width: 767px) {.thegem-vc-text.thegem-custom-69eae198c2eb67883{position: relative !important;}}<\/style>\r\n\t\t<\/div>\r\n\t\r\n\r\n\t\r\n\t\t<div class=\"wpb_text_column wpb_content_element  wpb_animate_when_almost_visible wpb_fadeIn fadeIn thegem-vc-text thegem-custom-69eae198c2fff1479\"  >\r\n\t\t\t<div class=\"wpb_wrapper\">\r\n\t\t\t\t<h5 style=\"text-align: center;\">SPORTO KLUBams ir akademijoms teikiame i\u0161skirtines s\u0105lygas<\/h5>\n\r\n\t\t\t<\/div>\r\n\t\t\t<style>@media screen and (max-width: 1023px) {.thegem-vc-text.thegem-custom-69eae198c2fff1479{display: block!important;}}@media screen and (max-width: 767px) {.thegem-vc-text.thegem-custom-69eae198c2fff1479{display: block!important;}}@media screen and (max-width: 1023px) {.thegem-vc-text.thegem-custom-69eae198c2fff1479{position: relative !important;}}@media screen and (max-width: 767px) {.thegem-vc-text.thegem-custom-69eae198c2fff1479{position: relative !important;}}<\/style>\r\n\t\t<\/div>\r\n\t\r\n\r\n\t\r\n\t\t<div class=\"wpb_text_column wpb_content_element  wpb_animate_when_almost_visible wpb_bottom-to-top bottom-to-top vc_custom_1706692480925 thegem-vc-text thegem-custom-69eae198c30ac334\"  >\r\n\t\t\t<div class=\"wpb_wrapper\">\r\n\t\t\t\t<p style=\"text-align: center;\">Gaukite i\u0161skirtini\u0173 privalum\u0173 tapdami m\u016bs\u0173 partneriu. M\u0117gaukit\u0117s ypatingomis s\u0105lygomis ir unikaliomis galimyb\u0117mis. Prisijunkite prie m\u016bs\u0173 \u0161iandien!<\/p>\n\r\n\t\t\t<\/div>\r\n\t\t\t<style>@media screen and (max-width: 1023px) {.thegem-vc-text.thegem-custom-69eae198c30ac334{display: block!important;}}@media screen and (max-width: 767px) {.thegem-vc-text.thegem-custom-69eae198c30ac334{display: block!important;}}@media screen and (max-width: 1023px) {.thegem-vc-text.thegem-custom-69eae198c30ac334{position: relative !important;}}@media screen and (max-width: 767px) {.thegem-vc-text.thegem-custom-69eae198c30ac334{position: relative !important;}}<\/style>\r\n\t\t<\/div>\r\n\t\r\n<div class=\"gem-client-set-title\"> <div class=\"container\"> <div class=\"clients_title\"><h3> <\/h3><\/div> <\/div> <\/div> <div class=\"gem_client-carousel disable-grayscale lazy-loading\" > <div class=\"preloader\"> <div class=\"preloader-spin\"><\/div> <\/div> <div class=\"gem_client_carousel-items\" data-autoscroll='0'> <div class=\"gem-client-item lazy-loading-item\" data-ll-effect=\"drop-right\"> <a href=\"https:\/\/youstis.com\/\" target=\"_blank\" class=\"grayscale grayscale-hover rounded-corners\"><img width=\"200\" height=\"200\" src=\"https:\/\/youstis.com\/wp-content\/uploads\/IMG_1524-e1707217714887.png\" class=\"wp-post-image\" alt=\"IMG_1524\" \/><\/a><\/div> <\/div> <\/div><div class=\"gem-button-container gem-button-position-center thegem-button-69eae198c59296669\"  ><a title=\"Susisiekite su mumis (demonstracin\u0117 versija)\" class=\"gem-button gem-button-size-small gem-button-style-flat gem-button-text-weight-normal\" data-ll-effect=\"drop-right-without-wrap\" style=\"border-radius: 3px;\" onmouseleave=\"\" onmouseenter=\"\" href=\"https:\/\/youstis.com\/become-a-partner\/\" target=\"_self\">Partneriams<\/a><\/div> <\/div><\/div><\/div><\/div><div class=\"vc_row-full-width vc_clearfix\"><\/div>\n<\/div>","protected":false},"excerpt":{"rendered":"","protected":false},"author":1,"featured_media":0,"parent":0,"menu_order":0,"comment_status":"closed","ping_status":"closed","template":"","meta":{"footnotes":""},"class_list":["post-8222","page","type-page","status-publish"],"_links":{"self":[{"href":"https:\/\/youstis.com\/lt\/wp-json\/wp\/v2\/pages\/8222"}],"collection":[{"href":"https:\/\/youstis.com\/lt\/wp-json\/wp\/v2\/pages"}],"about":[{"href":"https:\/\/youstis.com\/lt\/wp-json\/wp\/v2\/types\/page"}],"author":[{"embeddable":true,"href":"https:\/\/youstis.com\/lt\/wp-json\/wp\/v2\/users\/1"}],"replies":[{"embeddable":true,"href":"https:\/\/youstis.com\/lt\/wp-json\/wp\/v2\/comments?post=8222"}],"version-history":[{"count":33,"href":"https:\/\/youstis.com\/lt\/wp-json\/wp\/v2\/pages\/8222\/revisions"}],"predecessor-version":[{"id":43241,"href":"https:\/\/youstis.com\/lt\/wp-json\/wp\/v2\/pages\/8222\/revisions\/43241"}],"wp:attachment":[{"href":"https:\/\/youstis.com\/lt\/wp-json\/wp\/v2\/media?parent=8222"}],"curies":[{"name":"wp","href":"https:\/\/api.w.org\/{rel}","templated":true}]}}