{"id":8248,"date":"2019-02-01T12:14:14","date_gmt":"2019-02-01T10:14:14","guid":{"rendered":"https:\/\/democontent.codex-themes.com\/sites-wpb-v5\/shop-landing\/about\/our-blog-2\/"},"modified":"2024-03-07T11:04:30","modified_gmt":"2024-03-07T09:04:30","slug":"contact-us","status":"publish","type":"page","link":"https:\/\/youstis.com\/lt\/susisiekite-su-mumis\/","title":{"rendered":"Kontaktai"},"content":{"rendered":"<div class=\"wpb-content-wrapper\"><div id=\"vc_row-69eacd591f94e\" class=\"vc_row wpb_row vc_row-fluid vc_custom_1706688974055 thegem-custom-69eacd591f911328\"><div class=\"wpb_column vc_column_container vc_col-sm-12 thegem-custom-69eacd591fb441784\" ><div class=\"vc_column-inner thegem-custom-inner-69eacd591fb46\"><div class=\"wpb_wrapper thegem-custom-69eacd591fb441784\"><div class=\"vc_row wpb_row vc_inner vc_row-fluid thegem-custom-69eacd59202182713 vc_row-o-equal-height vc_row-o-content-top vc_row-flex custom-inner-column-69eacd592021e\" ><div class=\"wpb_column vc_column_container vc_col-sm-12 vc_col-lg-4 vc_col-md-4 thegem-custom-69eacd59206055241\"><div class=\"vc_column-inner thegem-custom-inner-69eacd5920606\"><div class=\"wpb_wrapper thegem-custom-69eacd59206055241\"><div class=\"lazy-loading\" data-ll-item-delay=\"0\"><div class=\"gem-textbox  lazy-loading-item centered-box\"  data-ll-effect=\"move-up\" ><div class=\"gem-textbox-inner\" style=\"\"><div class=\"gem-textbox-content\" style=\"background-color: #ffffff;background-position: center top;padding-top: 0px;padding-bottom: 30px;\"><div class=\"centered-box\"><div class=\"gem-icon gem-icon-pack-material gem-icon-size-medium  gem-icon-shape-circle gem-simple-icon\"  style=\"opacity: 1;\"><div class=\"gem-icon-inner\" style=\"\"><span class=\"gem-icon-half-1\" style=\"color: #d0a454;\"><span class=\"back-angle\">\uf3e3<\/span><\/span><span class=\"gem-icon-half-2\" style=\"color: #d0a454;\"><span class=\"back-angle\">\uf3e3<\/span><\/span><\/div><\/div><\/div><div class=\"clearboth\"><\/div><style>#thegem-divider-69eacd592077c {margin-top: 50px !important;}<\/style><div id=\"thegem-divider-69eacd592077c\" class=\"gem-divider\" style=\"\" ><\/div>\r\n\t\r\n\t\t<div class=\"wpb_text_column wpb_content_element  thegem-vc-text thegem-custom-69eacd59208369178\"  >\r\n\t\t\t<div class=\"wpb_wrapper\">\r\n\t\t\t\t<div class=\"title-h5\" style=\"text-align: center;\"><span style=\"color: #d0a454;\">m\u016bs\u0173 adresas<\/span><\/div>\n\r\n\t\t\t<\/div>\r\n\t\t\t<style>@media screen and (max-width: 1023px) {.thegem-vc-text.thegem-custom-69eacd59208369178{display: block!important;}}@media screen and (max-width: 767px) {.thegem-vc-text.thegem-custom-69eacd59208369178{display: block!important;}}@media screen and (max-width: 1023px) {.thegem-vc-text.thegem-custom-69eacd59208369178{position: relative !important;}}@media screen and (max-width: 767px) {.thegem-vc-text.thegem-custom-69eacd59208369178{position: relative !important;}}<\/style>\r\n\t\t<\/div>\r\n\t\r\n<div class=\"clearboth\"><\/div><style>#thegem-divider-69eacd59208db {margin-top: 20px !important;}<\/style><div id=\"thegem-divider-69eacd59208db\" class=\"gem-divider\" style=\"\" ><\/div>\r\n\t\r\n\t\t<div class=\"wpb_text_column wpb_content_element  thegem-vc-text thegem-custom-69eacd59209353453\"  >\r\n\t\t\t<div class=\"wpb_wrapper\">\r\n\t\t\t\t<p style=\"text-align: center;\">Gaono g 10, LT \u2013 01131<br \/>\nVilnius, Lietuva<\/p>\n\r\n\t\t\t<\/div>\r\n\t\t\t<style>@media screen and (max-width: 1023px) {.thegem-vc-text.thegem-custom-69eacd59209353453{display: block!important;}}@media screen and (max-width: 767px) {.thegem-vc-text.thegem-custom-69eacd59209353453{display: block!important;}}@media screen and (max-width: 1023px) {.thegem-vc-text.thegem-custom-69eacd59209353453{position: relative !important;}}@media screen and (max-width: 767px) {.thegem-vc-text.thegem-custom-69eacd59209353453{position: relative !important;}}<\/style>\r\n\t\t<\/div>\r\n\t\r\n<\/div><\/div><\/div><\/div><\/div><\/div><\/div><div class=\"wpb_column vc_column_container vc_col-sm-12 vc_col-lg-4 vc_col-md-4 thegem-custom-69eacd5920a7b2495\"><div class=\"vc_column-inner thegem-custom-inner-69eacd5920a7c\"><div class=\"wpb_wrapper thegem-custom-69eacd5920a7b2495\"><div class=\"lazy-loading\" data-ll-item-delay=\"0\"><div class=\"gem-textbox  lazy-loading-item centered-box\"  data-ll-effect=\"move-up\" ><div class=\"gem-textbox-inner\" style=\"\"><div class=\"gem-textbox-content\" style=\"background-color: #ffffff;background-position: center top;padding-top: 0px;padding-bottom: 30px;\"><div class=\"centered-box\"><div class=\"gem-icon gem-icon-pack-material gem-icon-size-medium  gem-icon-shape-circle gem-simple-icon\"  style=\"opacity: 1;\"><div class=\"gem-icon-inner\" style=\"\"><span class=\"gem-icon-half-1\" style=\"color: #d0a454;\"><span class=\"back-angle\">\uf1f0<\/span><\/span><span class=\"gem-icon-half-2\" style=\"color: #d0a454;\"><span class=\"back-angle\">\uf1f0<\/span><\/span><\/div><\/div><\/div><div class=\"clearboth\"><\/div><style>#thegem-divider-69eacd5920b55 {margin-top: 50px !important;}<\/style><div id=\"thegem-divider-69eacd5920b55\" class=\"gem-divider\" style=\"\" ><\/div>\r\n\t\r\n\t\t<div class=\"wpb_text_column wpb_content_element  thegem-vc-text thegem-custom-69eacd5920baf1306\"  >\r\n\t\t\t<div class=\"wpb_wrapper\">\r\n\t\t\t\t<div class=\"title-h5\" style=\"text-align: center;\"><span style=\"color: #d0a454;\">Kreipkit\u0117s \u012f mus<\/span><\/div>\n\r\n\t\t\t<\/div>\r\n\t\t\t<style>@media screen and (max-width: 1023px) {.thegem-vc-text.thegem-custom-69eacd5920baf1306{display: block!important;}}@media screen and (max-width: 767px) {.thegem-vc-text.thegem-custom-69eacd5920baf1306{display: block!important;}}@media screen and (max-width: 1023px) {.thegem-vc-text.thegem-custom-69eacd5920baf1306{position: relative !important;}}@media screen and (max-width: 767px) {.thegem-vc-text.thegem-custom-69eacd5920baf1306{position: relative !important;}}<\/style>\r\n\t\t<\/div>\r\n\t\r\n<div class=\"clearboth\"><\/div><style>#thegem-divider-69eacd5920c19 {margin-top: 20px !important;}<\/style><div id=\"thegem-divider-69eacd5920c19\" class=\"gem-divider\" style=\"\" ><\/div>\r\n\t\r\n\t\t<div class=\"wpb_text_column wpb_content_element  thegem-vc-text thegem-custom-69eacd5920c682975\"  >\r\n\t\t\t<div class=\"wpb_wrapper\">\r\n\t\t\t\t<p style=\"text-align: center;\">Telefonas: +370 650 28 558<br \/>\npa\u0161tas: info@youstis.com<\/p>\n\r\n\t\t\t<\/div>\r\n\t\t\t<style>@media screen and (max-width: 1023px) {.thegem-vc-text.thegem-custom-69eacd5920c682975{display: block!important;}}@media screen and (max-width: 767px) {.thegem-vc-text.thegem-custom-69eacd5920c682975{display: block!important;}}@media screen and (max-width: 1023px) {.thegem-vc-text.thegem-custom-69eacd5920c682975{position: relative !important;}}@media screen and (max-width: 767px) {.thegem-vc-text.thegem-custom-69eacd5920c682975{position: relative !important;}}<\/style>\r\n\t\t<\/div>\r\n\t\r\n<\/div><\/div><\/div><\/div><\/div><\/div><\/div><div class=\"wpb_column vc_column_container vc_col-sm-12 vc_col-lg-4 vc_col-md-4 thegem-custom-69eacd5920d994245\"><div class=\"vc_column-inner thegem-custom-inner-69eacd5920d9a\"><div class=\"wpb_wrapper thegem-custom-69eacd5920d994245\"><div class=\"lazy-loading\" data-ll-item-delay=\"0\"><div class=\"gem-textbox  lazy-loading-item centered-box\"  data-ll-effect=\"move-up\" ><div class=\"gem-textbox-inner\" style=\"\"><div class=\"gem-textbox-content\" style=\"background-color: #ffffff;background-position: center top;padding-top: 0px;padding-bottom: 30px;\"><div class=\"centered-box\"><div class=\"gem-icon gem-icon-pack-material gem-icon-size-medium  gem-icon-shape-circle gem-simple-icon\"  style=\"opacity: 1;\"><div class=\"gem-icon-inner\" style=\"\"><span class=\"gem-icon-half-1\" style=\"color: #d0a454;\"><span class=\"back-angle\">\uf118<\/span><\/span><span class=\"gem-icon-half-2\" style=\"color: #d0a454;\"><span class=\"back-angle\">\uf118<\/span><\/span><\/div><\/div><\/div><div class=\"clearboth\"><\/div><style>#thegem-divider-69eacd5920e61 {margin-top: 50px !important;}<\/style><div id=\"thegem-divider-69eacd5920e61\" class=\"gem-divider\" style=\"\" ><\/div>\r\n\t\r\n\t\t<div class=\"wpb_text_column wpb_content_element  thegem-vc-text thegem-custom-69eacd5920eb74048\"  >\r\n\t\t\t<div class=\"wpb_wrapper\">\r\n\t\t\t\t<div class=\"title-h5\" style=\"text-align: center;\"><span style=\"color: #d0a454;\">darbo valandos<\/span><\/div>\n\r\n\t\t\t<\/div>\r\n\t\t\t<style>@media screen and (max-width: 1023px) {.thegem-vc-text.thegem-custom-69eacd5920eb74048{display: block!important;}}@media screen and (max-width: 767px) {.thegem-vc-text.thegem-custom-69eacd5920eb74048{display: block!important;}}@media screen and (max-width: 1023px) {.thegem-vc-text.thegem-custom-69eacd5920eb74048{position: relative !important;}}@media screen and (max-width: 767px) {.thegem-vc-text.thegem-custom-69eacd5920eb74048{position: relative !important;}}<\/style>\r\n\t\t<\/div>\r\n\t\r\n<div class=\"clearboth\"><\/div><style>#thegem-divider-69eacd5920f1e {margin-top: 20px !important;}<\/style><div id=\"thegem-divider-69eacd5920f1e\" class=\"gem-divider\" style=\"\" ><\/div>\r\n\t\r\n\t\t<div class=\"wpb_text_column wpb_content_element  thegem-vc-text thegem-custom-69eacd5920f6b3596\"  >\r\n\t\t\t<div class=\"wpb_wrapper\">\r\n\t\t\t\t<p style=\"text-align: center;\">Pirmadieniais\u2013penktadieniais: 9:00\u201322:00<br \/>\n\u0160e\u0161tadienis: 11:00 \u2013 20:00<\/p>\n\r\n\t\t\t<\/div>\r\n\t\t\t<style>@media screen and (max-width: 1023px) {.thegem-vc-text.thegem-custom-69eacd5920f6b3596{display: block!important;}}@media screen and (max-width: 767px) {.thegem-vc-text.thegem-custom-69eacd5920f6b3596{display: block!important;}}@media screen and (max-width: 1023px) {.thegem-vc-text.thegem-custom-69eacd5920f6b3596{position: relative !important;}}@media screen and (max-width: 767px) {.thegem-vc-text.thegem-custom-69eacd5920f6b3596{position: relative !important;}}<\/style>\r\n\t\t<\/div>\r\n\t\r\n<\/div><\/div><\/div><\/div><\/div><\/div><\/div><\/div><\/div><\/div><\/div><div class=\"wpb_column vc_column_container vc_col-sm-12 vc_hidden-sm vc_hidden-xs thegem-custom-69eacd59211134777\" ><div class=\"vc_column-inner thegem-custom-inner-69eacd5921114 vc_custom_1632468304492\"><div class=\"wpb_wrapper thegem-custom-69eacd59211134777\"><\/div><\/div><\/div><\/div><div class=\"vc_row-full-width-before\"><\/div><div id=\"vc_row-69eacd59212a7\" data-vc-full-width=\"true\" data-vc-full-width-init=\"false\" data-vc-stretch-content=\"true\" class=\"vc_row wpb_row vc_row-fluid vc_custom_1549027918503 thegem-custom-69eacd592129c7169 vc_row-no-padding\"><script type=\"text\/javascript\">if (typeof(gem_fix_fullwidth_position) == \"function\") { gem_fix_fullwidth_position(document.getElementById(\"vc_row-69eacd59212a7\")); }<\/script><div class=\"wpb_column vc_column_container vc_col-sm-12 thegem-custom-69eacd59214031398\" ><div class=\"vc_column-inner thegem-custom-inner-69eacd5921404 vc_custom_1513247575000\"><div class=\"wpb_wrapper thegem-custom-69eacd59214031398\">\r\n<div class=\"wpb_gmaps_widget wpb_content_element\">\r\n\t\t<div class=\"wpb_wrapper\">\r\n\t\t<div class=\"wpb_map_wraper\">\r\n\t\t\t<iframe src=\"https:\/\/www.google.com\/maps\/embed?pb=!1m18!1m12!1m3!1d2306.672546225072!2d25.286339699999996!3d54.680191699999995!2m3!1f0!2f0!3f0!3m2!1i1024!2i768!4f13.1!3m3!1m2!1s0x46dd9415b442bb9f%3A0xd18231abf06c15c!2sGaono%20g.%2010%2C%2001131%20Vilnius!5e0!3m2!1slt!2slt!4v1706637686672!5m2!1slt!2slt\" width=\"600\" height=\"480\" style=\"border:0;\" allowfullscreen=\"\" loading=\"lazy\" referrerpolicy=\"no-referrer-when-downgrade\"><\/iframe>\t\t<\/div>\r\n\t<\/div><\/div><\/div><\/div><\/div><\/div><div class=\"vc_row-full-width vc_clearfix\"><\/div><div class=\"vc_row-full-width-before\"><\/div><div id=\"vc_row-69eacd59218e4\" data-vc-full-width=\"true\" data-vc-full-width-init=\"false\" class=\"vc_row wpb_row vc_row-fluid vc_custom_1706689438856 thegem-custom-69eacd59218d57280 vc_row-has-fill\"><script type=\"text\/javascript\">if (typeof(gem_fix_fullwidth_position) == \"function\") { gem_fix_fullwidth_position(document.getElementById(\"vc_row-69eacd59218e4\")); }<\/script><div class=\"wpb_column vc_column_container vc_col-sm-12 thegem-custom-69eacd5921a576320\" ><div class=\"vc_column-inner thegem-custom-inner-69eacd5921a59\"><div class=\"wpb_wrapper thegem-custom-69eacd5921a576320\"><div class=\"clearboth\"><\/div><div id=\"thegem-divider-69eacd5921b23\" class=\"gem-divider\" style=\"\" ><\/div>\r\n\t\r\n\t\t<div class=\"wpb_text_column wpb_content_element  wpb_animate_when_almost_visible wpb_bottom-to-top bottom-to-top thegem-vc-text thegem-custom-69eacd5921b8d5005\"  >\r\n\t\t\t<div class=\"wpb_wrapper\">\r\n\t\t\t\t<div class=\"title-h1\" style=\"text-align: center;\"><span style=\"color: #000000;\">Para\u0161yk mums<\/span><\/div>\n\r\n\t\t\t<\/div>\r\n\t\t\t<style>@media screen and (max-width: 1023px) {.thegem-vc-text.thegem-custom-69eacd5921b8d5005{display: block!important;}}@media screen and (max-width: 767px) {.thegem-vc-text.thegem-custom-69eacd5921b8d5005{display: block!important;}}@media screen and (max-width: 1023px) {.thegem-vc-text.thegem-custom-69eacd5921b8d5005{position: relative !important;}}@media screen and (max-width: 767px) {.thegem-vc-text.thegem-custom-69eacd5921b8d5005{position: relative !important;}}<\/style>\r\n\t\t<\/div>\r\n\t\r\n\r\n\t\r\n\t\t<div class=\"wpb_text_column wpb_content_element  wpb_animate_when_almost_visible wpb_bottom-to-top bottom-to-top thegem-vc-text thegem-custom-69eacd5921c3e9839\"  >\r\n\t\t\t<div class=\"wpb_wrapper\">\r\n\t\t\t\t<div class=\"title-h5\" style=\"text-align: center;\"><span style=\"color: #000000;\">mums patinka i\u0161girsti i\u0161 tav\u0119s<\/span><\/div>\n\r\n\t\t\t<\/div>\r\n\t\t\t<style>@media screen and (max-width: 1023px) {.thegem-vc-text.thegem-custom-69eacd5921c3e9839{display: block!important;}}@media screen and (max-width: 767px) {.thegem-vc-text.thegem-custom-69eacd5921c3e9839{display: block!important;}}@media screen and (max-width: 1023px) {.thegem-vc-text.thegem-custom-69eacd5921c3e9839{position: relative !important;}}@media screen and (max-width: 767px) {.thegem-vc-text.thegem-custom-69eacd5921c3e9839{position: relative !important;}}<\/style>\r\n\t\t<\/div>\r\n\t\r\n<div class=\"clearboth\"><\/div><style>#thegem-divider-69eacd5921ca3 {margin-top: 40px !important;}<\/style><div id=\"thegem-divider-69eacd5921ca3\" class=\"gem-divider\" style=\"\" ><\/div>\n<div class=\"wpcf7 no-js\" id=\"wpcf7-f39323-o1\" lang=\"en-US\" dir=\"ltr\">\n<div class=\"screen-reader-response\"><p role=\"status\" aria-live=\"polite\" aria-atomic=\"true\"><\/p> <ul><\/ul><\/div>\n<form action=\"\/lt\/wp-json\/wp\/v2\/pages\/8248#wpcf7-f39323-o1\" method=\"post\" class=\"wpcf7-form init\" aria-label=\"Contact form\" novalidate=\"novalidate\" data-status=\"init\" data-trp-original-action=\"\/lt\/wp-json\/wp\/v2\/pages\/8248#wpcf7-f39323-o1\">\n<div style=\"display: none;\">\n<input type=\"hidden\" name=\"_wpcf7\" value=\"39323\" \/>\n<input type=\"hidden\" name=\"_wpcf7_version\" value=\"5.9.8\" \/>\n<input type=\"hidden\" name=\"_wpcf7_locale\" value=\"en_US\" \/>\n<input type=\"hidden\" name=\"_wpcf7_unit_tag\" value=\"wpcf7-f39323-o1\" \/>\n<input type=\"hidden\" name=\"_wpcf7_container_post\" value=\"0\" \/>\n<input type=\"hidden\" name=\"_wpcf7_posted_data_hash\" value=\"\" \/>\n<input type=\"hidden\" name=\"_wpcf7_recaptcha_response\" value=\"\" \/>\n<\/div>\n<div class=\"contact-form row\">\n\n\t<div class=\"form-line col-lg-4 col-md-4 col-xs-12\"><div class=\"gem-form-icon-name\"><span class=\"wpcf7-form-control-wrap\" data-name=\"your-name\"><input size=\"40\" maxlength=\"400\" class=\"wpcf7-form-control wpcf7-text wpcf7-validates-as-required\" aria-required=\"true\" aria-invalid=\"false\" placeholder=\"Vardas*\" value=\"\" type=\"text\" name=\"your-name\" \/><\/span><\/div><\/div>\n\n\t<div class=\"form-line col-lg-4 col-md-4 col-xs-12\"><div class=\"gem-form-icon-email\"><span class=\"wpcf7-form-control-wrap\" data-name=\"your-email\"><input size=\"40\" maxlength=\"400\" class=\"wpcf7-form-control wpcf7-email wpcf7-validates-as-required wpcf7-text wpcf7-validates-as-email\" aria-required=\"true\" aria-invalid=\"false\" placeholder=\"El. pa\u0161tas*\" value=\"\" type=\"email\" name=\"your-email\" \/><\/span><\/div><\/div>\n\n\t<div class=\"form-line col-lg-4 col-md-4 col-xs-12\"><div class=\"gem-form-icon-phone\"><span class=\"wpcf7-form-control-wrap\" data-name=\"you-phone\"><input size=\"40\" maxlength=\"400\" class=\"wpcf7-form-control wpcf7-tel wpcf7-text wpcf7-validates-as-tel\" aria-invalid=\"false\" placeholder=\"Telefonas\" value=\"\" type=\"tel\" name=\"you-phone\" \/><\/span><\/div><\/div>\n\n\t<div class=\"form-line col-lg-12 col-md-12 col-xs-12\"><span class=\"wpcf7-form-control-wrap\" data-name=\"your-message\"><textarea cols=\"40\" rows=\"10\" maxlength=\"2000\" class=\"wpcf7-form-control wpcf7-textarea wpcf7-validates-as-required\" aria-required=\"true\" aria-invalid=\"false\" placeholder=\"\u017einut\u0117*\" name=\"your-message\"><\/textarea><\/span><\/div>\n\n\t<div class=\"col-lg-12 col-md-12 col-xs-12\"><input class=\"wpcf7-form-control wpcf7-submit has-spinner\" type=\"submit\" value=\"PATEIKTI\" \/><\/div>\n\n<\/div><p style=\"display: none !important;\" class=\"akismet-fields-container\" data-prefix=\"_wpcf7_ak_\"><label>&#916;<textarea name=\"_wpcf7_ak_hp_textarea\" cols=\"45\" rows=\"8\" maxlength=\"100\"><\/textarea><\/label><input type=\"hidden\" id=\"ak_js_1\" name=\"_wpcf7_ak_js\" value=\"17\"\/><script>document.getElementById( \"ak_js_1\" ).setAttribute( \"value\", ( new Date() ).getTime() );<\/script><\/p><div class=\"wpcf7-response-output\" aria-hidden=\"true\"><\/div>\n<input type=\"hidden\" name=\"trp-form-language\" value=\"lt\"\/><\/form>\n<\/div>\n<\/div><\/div><\/div><\/div><div class=\"vc_row-full-width vc_clearfix\"><\/div>\n<\/div>","protected":false},"excerpt":{"rendered":"","protected":false},"author":1,"featured_media":0,"parent":0,"menu_order":0,"comment_status":"closed","ping_status":"closed","template":"","meta":{"footnotes":""},"class_list":["post-8248","page","type-page","status-publish"],"_links":{"self":[{"href":"https:\/\/youstis.com\/lt\/wp-json\/wp\/v2\/pages\/8248"}],"collection":[{"href":"https:\/\/youstis.com\/lt\/wp-json\/wp\/v2\/pages"}],"about":[{"href":"https:\/\/youstis.com\/lt\/wp-json\/wp\/v2\/types\/page"}],"author":[{"embeddable":true,"href":"https:\/\/youstis.com\/lt\/wp-json\/wp\/v2\/users\/1"}],"replies":[{"embeddable":true,"href":"https:\/\/youstis.com\/lt\/wp-json\/wp\/v2\/comments?post=8248"}],"version-history":[{"count":21,"href":"https:\/\/youstis.com\/lt\/wp-json\/wp\/v2\/pages\/8248\/revisions"}],"predecessor-version":[{"id":43533,"href":"https:\/\/youstis.com\/lt\/wp-json\/wp\/v2\/pages\/8248\/revisions\/43533"}],"wp:attachment":[{"href":"https:\/\/youstis.com\/lt\/wp-json\/wp\/v2\/media?parent=8248"}],"curies":[{"name":"wp","href":"https:\/\/api.w.org\/{rel}","templated":true}]}}