{"id":39960,"date":"2024-01-18T23:14:54","date_gmt":"2024-01-18T21:14:54","guid":{"rendered":"https:\/\/youstis.com\/?post_type=product&#038;p=39960"},"modified":"2025-05-24T20:21:11","modified_gmt":"2025-05-24T17:21:11","slug":"you-elite-regular-black-edition-grip-socks","status":"publish","type":"product","link":"https:\/\/youstis.com\/lt\/produktas\/you-elite-regular-juodos-leidimo-grip-kojines\/","title":{"rendered":"YOU Elite Black Edition Grip Kojin\u0117s"},"content":{"rendered":"<p>The <strong>YOU Elite Black Edition Grip kojin\u0117s<\/strong>\u00a0si\u016blo did\u017eiausi\u0105 sukibim\u0105 ir komfort\u0105 sportininkams. D\u0117l neslid\u017eios technologijos ir dr\u0117gm\u0119 praleid\u017eian\u010dio audinio jie padidina greit\u012f ir stabilum\u0105, neleid\u017eia p\u0117doms slysti ir trintis bei suma\u017eina traum\u0173 rizik\u0105.<\/p>\n<ul>\n<li><strong>Maksimalus<\/strong> sprinto greitis, kontrol\u0117 ir technika su neprilygstamu tikslumu.<\/li>\n<li><strong>Pa\u0161alina<\/strong> slydim\u0105 bate, u\u017etikrina neprilygstam\u0105 poj\u016bt\u012f.<\/li>\n<li><strong>Padidintas<\/strong> stabilumas, siekiant suma\u017einti \u010diurnos, kelio ir klubo traum\u0173 rizik\u0105.<\/li>\n<li><strong>Suma\u017eina<\/strong> galimybes atsirasti p\u016bsl\u0117ms ir pritrynimams<\/li>\n<\/ul>\n<p><img class=\"wp-image-43343 size-medium alignleft\" src=\"https:\/\/youstis.com\/wp-content\/uploads\/Group-128-300x111.png\" alt=\"\" width=\"300\" height=\"111\" srcset=\"https:\/\/youstis.com\/wp-content\/uploads\/Group-128-300x111.png 300w, https:\/\/youstis.com\/wp-content\/uploads\/Group-128-1024x379.png 1024w, https:\/\/youstis.com\/wp-content\/uploads\/Group-128-768x284.png 768w, https:\/\/youstis.com\/wp-content\/uploads\/Group-128-600x222.png 600w, https:\/\/youstis.com\/wp-content\/uploads\/Group-128.png 1280w\" sizes=\"(max-width: 300px) 100vw, 300px\" \/><\/p>\n<p>Pakelkite savo sporto lyg\u012f su naujausiais YOU'STIS prek\u0117s \u017eenklo produktais, skirtais jauniesiems sportininkams.<\/p>\n<p><strong>YOUstis \u2013 kur naujov\u0117s atitinka sportininko poreikius<\/strong><\/p>","protected":false},"excerpt":{"rendered":"<p>YOU Elite Black Edition kojin\u0117s suteikia maksimal\u0173 sukibim\u0105 ir komfort\u0105 sportininkams. D\u0117l neslid\u017eios technologijos ir dr\u0117gm\u0119 praleid\u017eian\u010dio audinio jie padidina greit\u012f ir stabilum\u0105, neleid\u017eia p\u0117doms slysti ir suma\u017eina traum\u0173 rizik\u0105.<\/p>","protected":false},"featured_media":43275,"comment_status":"open","ping_status":"closed","template":"","meta":[],"product_cat":[1121],"product_tag":[926,924,925,460,886],"class_list":{"0":"post-39960","1":"product","2":"type-product","3":"status-publish","4":"has-post-thumbnail","6":"product_cat-socks","7":"product_tag-new-arrival","8":"product_tag-regular-type","9":"product_tag-socks","10":"product_tag-sport","11":"product_tag-trending","12":"pa_color-black","13":"pa_size-36-39","14":"pa_size-39-42","16":"first","17":"instock","18":"featured","19":"taxable","20":"shipping-taxable","21":"purchasable","22":"product-type-variable"},"_links":{"self":[{"href":"https:\/\/youstis.com\/lt\/wp-json\/wp\/v2\/product\/39960"}],"collection":[{"href":"https:\/\/youstis.com\/lt\/wp-json\/wp\/v2\/product"}],"about":[{"href":"https:\/\/youstis.com\/lt\/wp-json\/wp\/v2\/types\/product"}],"replies":[{"embeddable":true,"href":"https:\/\/youstis.com\/lt\/wp-json\/wp\/v2\/comments?post=39960"}],"wp:featuredmedia":[{"embeddable":true,"href":"https:\/\/youstis.com\/lt\/wp-json\/wp\/v2\/media\/43275"}],"wp:attachment":[{"href":"https:\/\/youstis.com\/lt\/wp-json\/wp\/v2\/media?parent=39960"}],"wp:term":[{"taxonomy":"product_cat","embeddable":true,"href":"https:\/\/youstis.com\/lt\/wp-json\/wp\/v2\/product_cat?post=39960"},{"taxonomy":"product_tag","embeddable":true,"href":"https:\/\/youstis.com\/lt\/wp-json\/wp\/v2\/product_tag?post=39960"}],"curies":[{"name":"wp","href":"https:\/\/api.w.org\/{rel}","templated":true}]}}