{"id":42983,"date":"2024-01-22T23:01:43","date_gmt":"2024-01-22T21:01:43","guid":{"rendered":"https:\/\/youstis.com\/?post_type=product&#038;p=42983"},"modified":"2025-03-28T06:30:41","modified_gmt":"2025-03-28T04:30:41","slug":"you-elite-crew-shin-guard-sleeves","status":"publish","type":"product","link":"https:\/\/youstis.com\/lt\/produktas\/tu-elitas-igula-blauzdu-apsaugos-rankoves\/","title":{"rendered":"YOU Elite Crew Koj\u0173 Apsaug\u0173 Rankov\u0117s"},"content":{"rendered":"<p>The <strong>YOU Elitin\u0117s koj\u0173 apsaug\u0173 rankov\u0117s (tinkleliai)<\/strong> yra sukurti taip, kad b\u016bt\u0173 skland\u017eiai integruoti su koj\u0173 apsaugomis, suteikdami neprilygstam\u0105 saugum\u0105 ir komfort\u0105 \u017eaid\u0117jams.<\/p>\n<ul>\n<li><strong>Inovatyvus modelis<\/strong>: \u0160iose rankov\u0117se yra specializuota ki\u0161en\u0117, skirta koj\u0173 apsaugoms. Tai garantuoja apsaug\u0173 prigludim\u0105 prie kojos, kad b\u016bt\u0173 u\u017etikrinta nuosekli ir patikima apsauga.<\/li>\n<li><strong>Maksimali apsauga nuo sm\u016bgi\u0173<\/strong>: Naudojant su YOU Elite Shin Guards, rankov\u0117s u\u017etikrina i\u0161skirtin\u0119 apsaug\u0105 intensyvaus \u017eaidimo metu.<\/li>\n<li><strong>Padidintas komfortas ir mobilumas<\/strong>: Sukurtos taip, kad b\u016bt\u0173 lengvos ir ergonomi\u0161kos, rankov\u0117s tvirtai priglunda prie kojos, tod\u0117l galima atlikti vis\u0105 judesi\u0173 diapazon\u0105 neprarandant komforto.<\/li>\n<li><strong>Suma\u017e\u0117jusi traum\u0173 rizika<\/strong>: Rankovi\u0173 ir koj\u0173 apsaug\u0173 derinys u\u017etikrina didesn\u012f stabilum\u0105 ir apsaug\u0105, \u017eymiai suma\u017eindamas traum\u0173 rizik\u0105.<\/li>\n<li><strong>Odai nekenksminga med\u017eiaga<\/strong>: Pagamintos i\u0161 kv\u0117puojan\u010dio audinio, rankov\u0117s apsaugo nuo odos sudirginimo ir diskomforto.<\/li>\n<\/ul>\n<p>YOU Elite Blauzd\u0173 apsaugos rankov\u0117s ir Blauzd\u0173 apsaugai sudaro nuostab\u0173 duet\u0105, si\u016blant\u012f auk\u0161\u010diausio lygio apsaug\u0105 ir komfort\u0105 rimtiems futbolo\/futbolo \u017eaid\u0117jams.<\/p>\n<p><img class=\"wp-image-43343 size-medium alignleft\" src=\"https:\/\/youstis.com\/wp-content\/uploads\/Group-128-300x111.png\" alt=\"\" width=\"300\" height=\"111\" srcset=\"https:\/\/youstis.com\/wp-content\/uploads\/Group-128-300x111.png 300w, https:\/\/youstis.com\/wp-content\/uploads\/Group-128-1024x379.png 1024w, https:\/\/youstis.com\/wp-content\/uploads\/Group-128-768x284.png 768w, https:\/\/youstis.com\/wp-content\/uploads\/Group-128-600x222.png 600w, https:\/\/youstis.com\/wp-content\/uploads\/Group-128.png 1280w\" sizes=\"(max-width: 300px) 100vw, 300px\" \/><\/p>\n<p>Pakelkite savo sporto lyg\u012f su naujausiais YOU'STIS prek\u0117s \u017eenklo produktais, skirtais jauniesiems sportininkams.<\/p>\n<p><strong>YOUstis \u2013 kur naujov\u0117s atitinka sportininko poreikius<\/strong><\/p>","protected":false},"excerpt":{"rendered":"<p>\u201eYOU Elite\u201c rankov\u0117s (tinkleliai) yra sukurti taip, kad b\u016bt\u0173 skland\u017eiai integruoti su koj\u0173 apsaugomis, o tai u\u017etikrina neprilygstam\u0105 saugum\u0105 ir komfort\u0105 \u017eaid\u0117jams.<\/p>","protected":false},"featured_media":43312,"comment_status":"open","ping_status":"closed","template":"","meta":[],"product_cat":[1230,1121],"product_tag":[1231,926,1203,925,460,886],"class_list":{"0":"post-42983","1":"product","2":"type-product","3":"status-publish","4":"has-post-thumbnail","6":"product_cat-sleeves","7":"product_cat-socks","8":"product_tag-crew","9":"product_tag-new-arrival","10":"product_tag-sleeves","11":"product_tag-socks","12":"product_tag-sport","13":"product_tag-trending","14":"pa_color-black","15":"pa_size-36-39","16":"pa_size-39-42","18":"first","19":"instock","20":"featured","21":"taxable","22":"shipping-taxable","23":"purchasable","24":"product-type-simple"},"_links":{"self":[{"href":"https:\/\/youstis.com\/lt\/wp-json\/wp\/v2\/product\/42983"}],"collection":[{"href":"https:\/\/youstis.com\/lt\/wp-json\/wp\/v2\/product"}],"about":[{"href":"https:\/\/youstis.com\/lt\/wp-json\/wp\/v2\/types\/product"}],"replies":[{"embeddable":true,"href":"https:\/\/youstis.com\/lt\/wp-json\/wp\/v2\/comments?post=42983"}],"wp:featuredmedia":[{"embeddable":true,"href":"https:\/\/youstis.com\/lt\/wp-json\/wp\/v2\/media\/43312"}],"wp:attachment":[{"href":"https:\/\/youstis.com\/lt\/wp-json\/wp\/v2\/media?parent=42983"}],"wp:term":[{"taxonomy":"product_cat","embeddable":true,"href":"https:\/\/youstis.com\/lt\/wp-json\/wp\/v2\/product_cat?post=42983"},{"taxonomy":"product_tag","embeddable":true,"href":"https:\/\/youstis.com\/lt\/wp-json\/wp\/v2\/product_tag?post=42983"}],"curies":[{"name":"wp","href":"https:\/\/api.w.org\/{rel}","templated":true}]}}